{"id":12,"date":"2023-05-11T02:41:22","date_gmt":"2023-05-11T02:41:22","guid":{"rendered":"https:\/\/aumrit.org\/?page_id=12"},"modified":"2023-07-20T00:43:15","modified_gmt":"2023-07-20T00:43:15","slug":"about","status":"publish","type":"page","link":"https:\/\/aumrit.org\/?page_id=12","title":{"rendered":"Acerca de"},"content":{"rendered":"\n<p id=\"E102\"><strong>ACTA No. 1<\/strong>.- En Montevideo, el d\u00eda 22 de mayo del a\u00f1o dos mil catorce, se re\u00fanen las personas abajo firmantes, bajo la Presidencia de la Dra. Mar\u00eda Margarita Garc\u00eda Rizzo, actuando en Secretar\u00eda el Dr. Edison Ariel Fontana Ribolla, quienes deciden fundar una asociaci\u00f3n civil que se denominar\u00e1:<\/p>\n\n\n\n<p>\u201cASOCIACI\u00d3N URUGUAYA DE MEDICINA REGENERATIVA E INGENIER\u00cdA DE TEJIDOS\u201d y cuyos estatutos, que por unanimidad se aprueban, ser\u00e1n los siguientes:&nbsp;<\/p>\n\n\n\n<p id=\"E109\"><strong>Cap\u00edtulo I<\/strong>. <strong>Constituci\u00f3n<\/strong><strong>.<\/strong> <strong>Art\u00edculo <\/strong><strong>1\u00ba.- (Denominaci\u00f3n y domicilio).<\/strong> Con el nombre de <strong>\u201cASOCIACI\u00d3N URUGUAYA DE MEDICINA REGENERATIVA E INGENIER\u00cdA DE TEJIDOS\u201d (A.U.M.R.I.T.)<\/strong> cr\u00e9ase una asociaci\u00f3n civil sin fines de lucro que se regir\u00e1 por los presentes estatutos y por las leyes y reglamentos aplicables. Su sede ser\u00e1 en el Departamento de Montevideo, sin perjuicio de otras dependencias que se puedan establecer en otras partes del territorio nacional.<\/p>\n\n\n\n<p id=\"E120\">La instituci\u00f3n tendr\u00e1 los siguientes fines: <\/p>\n\n\n\n<p>A) Promover el avance de la investigaci\u00f3n cient\u00edfica en las ciencias m\u00e9dicas y naturales con criterio de desarrollo tecnol\u00f3gico.<\/p>\n\n\n\n<p>B) Impulsar proyectos cient\u00edficos en coordinaci\u00f3n con sectores vinculados a la investigaci\u00f3n a nivel nacional e internacional.<\/p>\n\n\n\n<p><strong>C<\/strong>) la distribuci\u00f3n de ayuda econ\u00f3mica a los proyectos cient\u00edficos que se encuentran dentro del objeto de la asociaci\u00f3n.<\/p>\n\n\n\n<p><strong>D)<\/strong> Promover la difusi\u00f3n de los logros m\u00e9dicos alcanzados en las \u00e1reas de investigaci\u00f3n, fomentando la interrelaci\u00f3n cient\u00edfico-tecnol\u00f3gica con otras instituciones nacionales y\/o extranjeras que act\u00faan dentro de los objetivos mencionados.<\/p>\n","protected":false},"excerpt":{"rendered":"<p>ACTA No. 1.- En Montevideo, el d\u00eda 22 de mayo del a\u00f1o dos mil catorce, [&hellip;]<\/p>\n","protected":false},"author":1,"featured_media":0,"parent":0,"menu_order":10,"comment_status":"closed","ping_status":"closed","template":"","meta":{"footnotes":""},"class_list":["post-12","page","type-page","status-publish","hentry"],"_links":{"self":[{"href":"https:\/\/aumrit.org\/index.php?rest_route=\/wp\/v2\/pages\/12","targetHints":{"allow":["GET"]}}],"collection":[{"href":"https:\/\/aumrit.org\/index.php?rest_route=\/wp\/v2\/pages"}],"about":[{"href":"https:\/\/aumrit.org\/index.php?rest_route=\/wp\/v2\/types\/page"}],"author":[{"embeddable":true,"href":"https:\/\/aumrit.org\/index.php?rest_route=\/wp\/v2\/users\/1"}],"replies":[{"embeddable":true,"href":"https:\/\/aumrit.org\/index.php?rest_route=%2Fwp%2Fv2%2Fcomments&post=12"}],"version-history":[{"count":5,"href":"https:\/\/aumrit.org\/index.php?rest_route=\/wp\/v2\/pages\/12\/revisions"}],"predecessor-version":[{"id":305,"href":"https:\/\/aumrit.org\/index.php?rest_route=\/wp\/v2\/pages\/12\/revisions\/305"}],"wp:attachment":[{"href":"https:\/\/aumrit.org\/index.php?rest_route=%2Fwp%2Fv2%2Fmedia&parent=12"}],"curies":[{"name":"wp","href":"https:\/\/api.w.org\/{rel}","templated":true}]}}