{"id":14,"date":"2023-05-11T02:42:33","date_gmt":"2023-05-11T02:42:33","guid":{"rendered":"https:\/\/aumrit.org\/?page_id=14"},"modified":"2023-05-11T20:25:58","modified_gmt":"2023-05-11T20:25:58","slug":"events","status":"publish","type":"page","link":"https:\/\/aumrit.org\/?page_id=14","title":{"rendered":"Cursos"},"content":{"rendered":"\n<h1 class=\"wp-block-heading has-text-align-center\"><em>M\u00f3dulo: Ingenier\u00eda de Tejidos<\/em><\/h1>\n\n\n\n<h2 class=\"wp-block-heading\">Objetivos<\/h2>\n\n\n\n<p>El curso tiene como objetivo proporcionar informaci\u00f3n actual y relevante sobre biomateriales (principalmente de naturaleza polim\u00e9rica), sobre ingenier\u00eda de tejidos y medicina regenerativa y sobre manufactura aditiva, con el fin de animar a los participantes a desarrollar un esp\u00edritu cr\u00edtico sobre el tema y profundizar en este nuevo campo como ciencia multidisciplinar.<\/p>\n\n\n\n<h2 class=\"wp-block-heading\">Profesor invitado<\/h2>\n\n\n\n<p>Prof. Dr. Marcos A. Sabino Guti\u00e9rrez, Universidad Sim\u00f3n Bol\u00edvar, USB; Caracas-Venezuela. Investigador Visitante en el Centro de Tecnolog\u00eda e Informa\u00e7\u00e3o Renato Archer (CTI), Campinas-SP, Brasil.<\/p>\n\n\n\n<p id=\"E321\"><a is=\"qowt-hyperlink\" href=\"http:\/\/lattes.cnpq.br\/6754795461140278\" target=\"_blank\" rel=\"noreferrer noopener\">http:\/\/lattes.cnpq.br\/6754795461140278<\/a><\/p>\n\n\n\n<p><a href=\"https:\/\/scholar.google.com\/citations?user=l6q0GgkAAAAJ&amp;hl=es\">https:\/\/scholar.google.com\/citations?user=l6q0GgkAAAAJ&amp;hl=es<\/a><\/p>\n\n\n\n<p><a href=\"https:\/\/ve.linkedin.com\/in\/marcos-antonio-sabino-guti%C3%A9rrez-58b9b43a\">https:\/\/ve.linkedin.com\/in\/marcos-antonio-sabino-guti%C3%A9rrez-58b9b43a<\/a><\/p>\n\n\n\n<p id=\"E330\"><br><\/p>\n","protected":false},"excerpt":{"rendered":"<p>M\u00f3dulo: Ingenier\u00eda de Tejidos Objetivos El curso tiene como objetivo proporcionar informaci\u00f3n actual y relevante [&hellip;]<\/p>\n","protected":false},"author":1,"featured_media":0,"parent":45,"menu_order":20,"comment_status":"closed","ping_status":"closed","template":"","meta":{"footnotes":""},"class_list":["post-14","page","type-page","status-publish","hentry"],"_links":{"self":[{"href":"https:\/\/aumrit.org\/index.php?rest_route=\/wp\/v2\/pages\/14","targetHints":{"allow":["GET"]}}],"collection":[{"href":"https:\/\/aumrit.org\/index.php?rest_route=\/wp\/v2\/pages"}],"about":[{"href":"https:\/\/aumrit.org\/index.php?rest_route=\/wp\/v2\/types\/page"}],"author":[{"embeddable":true,"href":"https:\/\/aumrit.org\/index.php?rest_route=\/wp\/v2\/users\/1"}],"replies":[{"embeddable":true,"href":"https:\/\/aumrit.org\/index.php?rest_route=%2Fwp%2Fv2%2Fcomments&post=14"}],"version-history":[{"count":4,"href":"https:\/\/aumrit.org\/index.php?rest_route=\/wp\/v2\/pages\/14\/revisions"}],"predecessor-version":[{"id":44,"href":"https:\/\/aumrit.org\/index.php?rest_route=\/wp\/v2\/pages\/14\/revisions\/44"}],"up":[{"embeddable":true,"href":"https:\/\/aumrit.org\/index.php?rest_route=\/wp\/v2\/pages\/45"}],"wp:attachment":[{"href":"https:\/\/aumrit.org\/index.php?rest_route=%2Fwp%2Fv2%2Fmedia&parent=14"}],"curies":[{"name":"wp","href":"https:\/\/api.w.org\/{rel}","templated":true}]}}