{"id":202,"date":"2023-07-04T00:00:18","date_gmt":"2023-07-04T00:00:18","guid":{"rendered":"https:\/\/aumrit.org\/?page_id=202"},"modified":"2023-07-29T22:48:08","modified_gmt":"2023-07-29T22:48:08","slug":"miembros-informacion-membresia","status":"publish","type":"page","link":"https:\/\/aumrit.org\/?page_id=202","title":{"rendered":"Informaci\u00f3n"},"content":{"rendered":"\n<p id=\"E100\" style=\"font-size:23px\">H\u00e1gase socio para obtener las siguientes ventajas.<\/p>\n\n\n\n<p class=\"has-medium-font-size\" id=\"E113\"><strong>Membres\u00eda<\/strong><\/p>\n\n\n\n<ul class=\"wp-block-list\">\n<li><strong>Rebajas de hasta un 20% a los cursos que se imparten anualmente<\/strong>.<\/li>\n\n\n\n<li><strong>Acceso gratuito a las Revistas de T.E.R.M.I.S. sobre <\/strong>\n<ul class=\"wp-block-list\">\n<li><strong>Ingenier\u00eda de Tejidos<\/strong><\/li>\n\n\n\n<li><strong>Investigaci\u00f3n Cl\u00ednica sobre Medicina Regenerativa<\/strong><\/li>\n\n\n\n<li><strong>Trabajos de Investigaci\u00f3n a nivel mundial.<\/strong><\/li>\n<\/ul>\n<\/li>\n\n\n\n<li>Informaci\u00f3n de Becas y Congresos internacionales.<\/li>\n\n\n\n<li>Integramos a j\u00f3venes profesionales en grupos de trabajo con protocolos estandarizados en las diferentes especialidades m\u00e9dicas y odontol\u00f3gicas.<\/li>\n<\/ul>\n\n\n\n<p class=\"has-medium-font-size\" id=\"E135\"><strong>Costo<\/strong><\/p>\n\n\n\n<figure class=\"wp-block-table\"><table><tbody><tr><td><\/td><td>Anual<\/td><\/tr><tr><td>CUOTA SOCIAL<\/td><td>UY$ 3500<\/td><\/tr><\/tbody><\/table><\/figure>\n\n\n\n<p class=\"has-medium-font-size\" id=\"E162\"><strong>Forma de pago<\/strong><\/p>\n\n\n\n<p>Transferencia bancaria al Banco de la Rep\u00fablica Oriental del Uruguay (BROU)<\/p>\n\n\n\n<ul class=\"wp-block-list\">\n<li>N\u00famero de cuenta: 0011028125800001<\/li>\n\n\n\n<li>Titular: Mar\u00eda Garc\u00eda<\/li>\n\n\n\n<li>Direcci\u00f3n: Rambla Rep\u00fablica Argentina 1225<\/li>\n<\/ul>\n\n\n\n<p>En caso de transferencia desde el exterior se necesita el c\u00f3digo SWIFT del banco<\/p>\n\n\n\n<ul class=\"wp-block-list\">\n<li>C\u00f3digo SWIFT: <strong><em>BROUUYMM<\/em><\/strong><\/li>\n<\/ul>\n","protected":false},"excerpt":{"rendered":"<p>H\u00e1gase socio para obtener las siguientes ventajas. Membres\u00eda Costo Anual CUOTA SOCIAL UY$ 3500 Forma [&hellip;]<\/p>\n","protected":false},"author":1,"featured_media":0,"parent":18,"menu_order":70,"comment_status":"closed","ping_status":"closed","template":"","meta":{"footnotes":""},"class_list":["post-202","page","type-page","status-publish","hentry"],"_links":{"self":[{"href":"https:\/\/aumrit.org\/index.php?rest_route=\/wp\/v2\/pages\/202","targetHints":{"allow":["GET"]}}],"collection":[{"href":"https:\/\/aumrit.org\/index.php?rest_route=\/wp\/v2\/pages"}],"about":[{"href":"https:\/\/aumrit.org\/index.php?rest_route=\/wp\/v2\/types\/page"}],"author":[{"embeddable":true,"href":"https:\/\/aumrit.org\/index.php?rest_route=\/wp\/v2\/users\/1"}],"replies":[{"embeddable":true,"href":"https:\/\/aumrit.org\/index.php?rest_route=%2Fwp%2Fv2%2Fcomments&post=202"}],"version-history":[{"count":9,"href":"https:\/\/aumrit.org\/index.php?rest_route=\/wp\/v2\/pages\/202\/revisions"}],"predecessor-version":[{"id":212,"href":"https:\/\/aumrit.org\/index.php?rest_route=\/wp\/v2\/pages\/202\/revisions\/212"}],"up":[{"embeddable":true,"href":"https:\/\/aumrit.org\/index.php?rest_route=\/wp\/v2\/pages\/18"}],"wp:attachment":[{"href":"https:\/\/aumrit.org\/index.php?rest_route=%2Fwp%2Fv2%2Fmedia&parent=202"}],"curies":[{"name":"wp","href":"https:\/\/api.w.org\/{rel}","templated":true}]}}