{"id":310,"date":"2023-07-29T14:16:42","date_gmt":"2023-07-29T14:16:42","guid":{"rendered":"https:\/\/aumrit.org\/?page_id=310"},"modified":"2023-09-02T20:27:35","modified_gmt":"2023-09-02T20:27:35","slug":"curso-2023-expositores","status":"publish","type":"page","link":"https:\/\/aumrit.org\/?page_id=310","title":{"rendered":"Expositores"},"content":{"rendered":"\n<div class=\"wp-block-group is-layout-constrained wp-block-group-is-layout-constrained\">\n<div class=\"wp-block-columns is-layout-flex wp-container-core-columns-is-layout-28f84493 wp-block-columns-is-layout-flex\">\n<div class=\"wp-block-column is-layout-flow wp-block-column-is-layout-flow\" style=\"flex-basis:33.33%\">\n<div class=\"wp-block-cover is-light grayscale image-zoom-hover\" style=\"padding-top:0;padding-right:0;padding-bottom:0;padding-left:0;min-height:100%;aspect-ratio:unset;\"><span aria-hidden=\"true\" class=\"wp-block-cover__background has-background-dim\"><\/span><img loading=\"lazy\" decoding=\"async\" width=\"205\" height=\"273\" class=\"wp-block-cover__image-background wp-image-319\" alt=\"\" src=\"https:\/\/aumrit.org\/wp-content\/uploads\/2023\/07\/Leonardo-Ugartemendia.jpg\" style=\"object-position:0% 0%\" data-object-fit=\"cover\" data-object-position=\"0% 0%\"\/><div class=\"wp-block-cover__inner-container is-layout-flow wp-block-cover-is-layout-flow\">\n<p class=\"has-text-align-center has-large-font-size\"><\/p>\n<\/div><\/div>\n<\/div>\n\n\n\n<div class=\"wp-block-column is-layout-flow wp-block-column-is-layout-flow\" style=\"flex-basis:66.66%\">\n<h2 class=\"wp-block-heading\" id=\"leonardougartemendia\"><strong>Leonardo <strong>Ugartemendia<\/strong><\/strong><\/h2>\n\n\n\n<p id=\"E186\">Name: <strong>Ugartemendia, Leonardo Adrian<\/strong><\/p>\n\n\n\n<p id=\"E188\">Phone: <strong><em>011-15-38302415<\/em><\/strong><\/p>\n\n\n\n<p id=\"E190\">E-mail: <a href=\"mailto:leougarte_13@hotmail.com.ar\" target=\"_blank\" rel=\"noreferrer noopener\"><strong><em>leougarte_13@hotmail.com.ar<\/em><\/strong><\/a><\/p>\n\n\n\n<p id=\"E195\">Address: Av. Jujuy &#8216;1433 N 7&#8217;B, CABA, Buenos Aires, Argentina, CP 1214<\/p>\n<\/div>\n<\/div>\n\n\n\n<ul class=\"wp-block-list\">\n<li><strong><em>Degree in Biochemistry (<\/em><\/strong>Faculty of Exact Sciences, Universidad National de La Plata).<\/li>\n\n\n\n<li><strong>WORK EXPERIENCE:<\/strong>\n<ul class=\"wp-block-list\">\n<li><strong>Stem Cells-Lab: Development of biopharmaceuticals <strong>(May 2013 to present day)<\/strong>.&nbsp;<\/strong>\n<ul class=\"wp-block-list\">\n<li><em>Design of the cell culture laboratory facilities.&nbsp;<\/em><\/li>\n\n\n\n<li><em>Drafting of work GMP protocols.&nbsp;<\/em><\/li>\n\n\n\n<li><em>Drafting of the quality manual to submit to local and national health authorities.&nbsp;<\/em><\/li>\n\n\n\n<li><em>Put on the verge of drafting of laboratory protocols and techniques.<\/em><\/li>\n\n\n\n<li><em>Obtaining of mesenchymal &nbsp; stem cells (MSC, Mesenchymal stem cell) of different origin, as of adipose tissue, synovial fluid and other.<\/em><\/li>\n\n\n\n<li><em>Cultivation of mesenchymal &nbsp; stem cells (MSC, Mesenchymal stem cell) in different matrixes (Matrices type mold and printed 3D).<\/em><\/li>\n\n\n\n<li><em>Obtaining, cell culture (suspended and attached) and fabrics.<\/em><\/li>\n\n\n\n<li><em>Decellularized of corneas, bone and recellularization of pancreatic islets.<\/em><\/li>\n\n\n\n<li><em>Preparation of PRP (platelet rich plasma) and PLTLH (collection of factors through the lysate of human platelets).<\/em><\/li>\n\n\n\n<li><em>Training of personnel, coordination of different laboratory tasks.<\/em><\/li>\n\n\n\n<li><em>Stock control.<\/em><\/li>\n\n\n\n<li><em>Participation in theoretical courses for medical doctors.<\/em><\/li>\n<\/ul>\n<\/li>\n\n\n\n<li><strong>At Universidad Maimonides,<\/strong><strong><em> Development and research of biopharmaceuticals (February 2012 to September 2015).&nbsp;<\/em><\/strong>\n<ul class=\"wp-block-list\">\n<li><strong><em>Collection, cultivation and activation of T-lymphocytes.<\/em><\/strong><em> Selection of populations through CLIN iMacs.&nbsp;<\/em><\/li>\n\n\n\n<li><strong><em>Collection, cultivation and B lymphocyte activation.<\/em><\/strong><em> Selection of lymphocytes B.&nbsp;<\/em><\/li>\n\n\n\n<li><strong><em>Preparation, production and cultivation of TBH <\/em><\/strong><em>(tumor B-cell lymphocyte hybridoma).<\/em>&nbsp;<\/li>\n\n\n\n<li><strong><em>Mesenchymal<\/em><\/strong><em> <\/em><strong><em>culture of dendritic cells (D.C).<\/em><\/strong><\/li>\n\n\n\n<li><strong><em>Collection and culture of tumor cells.<\/em><\/strong><\/li>\n\n\n\n<li><strong><em>Collection and culture of umbilical cord blood hematopoietic stem cells.&nbsp;<\/em><\/strong><\/li>\n\n\n\n<li><strong><em>Obtaining of stem cells <\/em><\/strong><em>(MSC, Mesenchymal stem cell) of different origin, as of adipose tissue, synovial fluid and other.&nbsp;<\/em><\/li>\n\n\n\n<li><em>Cultivation of Mesenchymal stem cells (MSC, Mesenchymal stem cell) in different matrixes (Matrices type mould and printed 3D).<\/em><\/li>\n\n\n\n<li><em>Obtaining, cell culture (suspended and attached) and fabrics.<\/em><\/li>\n\n\n\n<li><em>Decellularization of corneas, bone and recellularization and pancreatic islets.<\/em><\/li>\n\n\n\n<li><em>Preparation of PRP (platelet rich plasma) and PLTLH (collection of factors through the lysate of human platelets).<\/em><\/li>\n\n\n\n<li><em>Design models of animal diseases which are studied immunotherapies and biomedical products.<\/em><\/li>\n\n\n\n<li><em>Control of cultures by flow cytometry.<\/em><\/li>\n\n\n\n<li><em>Direct and indirect immunofluorescence and Immunohistochemistry.&nbsp;<\/em><\/li>\n\n\n\n<li><em>Grounding point and drafting of laboratory protocols.<\/em><\/li>\n\n\n\n<li><em>Training of personnel, coordination of different laboratory tasks.<\/em><\/li>\n\n\n\n<li><em>Stock control.<\/em><\/li>\n<\/ul>\n<\/li>\n\n\n\n<li><strong>Sanatorium Argentino of La Plata city <\/strong>, laboratory clinical analysis (February to November of the same year 2013).<\/li>\n\n\n\n<li><strong>Abbott of Argentina <\/strong>, Analyst on physic-chemical quality control (August 2012 to February 2013).\n<ul class=\"wp-block-list\">\n<li>(u.v) &#8211; ultraviolet spectrometry visible infrared (i.r.) spectroscopy.<\/li>\n\n\n\n<li>atomic absorption (aa) spectroscopy.<\/li>\n\n\n\n<li>spectrofluorimeter.<\/li>\n\n\n\n<li>karl fischer.<\/li>\n\n\n\n<li>diluter.<\/li>\n\n\n\n<li>hplc.<\/li>\n<\/ul>\n<\/li>\n<\/ul>\n<\/li>\n\n\n\n<li><strong>Speaker at Conference:<\/strong>\n<ul class=\"wp-block-list\">\n<li><strong>3rd International Society for Cellular Therapy &#8211; South and Central America Regional Meeting&nbsp;<\/strong><\/li>\n\n\n\n<li><strong>4th International Congress on innovative stem cell therapies&nbsp;<\/strong><\/li>\n\n\n\n<li><strong>5th Congress of the Latin American Society of Cellular therapy<\/strong><\/li>\n\n\n\n<li><strong>Conference<\/strong>: construction of bones by pinna and tissue engineering<\/li>\n\n\n\n<li><strong>XV Congress of AATD<\/strong><\/li>\n\n\n\n<li>Table biological therapies, importance of immune response in the regeneration of osteo &#8211; articular lab to medical practice.<\/li>\n<\/ul>\n<\/li>\n\n\n\n<li><strong>Courses taught:<\/strong>\n<ul class=\"wp-block-list\">\n<li><strong>Intensive training Hands on (Argentina):<\/strong><\/li>\n\n\n\n<li>Extraction, isolation, activation and reinstatement of stem cells from adipose tissue.<\/li>\n\n\n\n<li>Coordinator Dr. Daniel Felix<\/li>\n\n\n\n<li><strong>Intensive training Hands on (MVD-Uruguay):<\/strong><\/li>\n\n\n\n<li>Extraction, isolation, activation and reinstatement of stem cells from adipose tissue.<\/li>\n\n\n\n<li>Coordinator Dr Betty Gonzales, consultant scientist Prof Eduardo Civila.<\/li>\n<\/ul>\n<\/li>\n\n\n\n<li><strong>Published works:<\/strong>\n<ul class=\"wp-block-list\">\n<li>Adipose mesenchymal stromal cells (AMSC) differentiate into neural progenitor cells (NPC) after 24 hours of culture with effecter co cells (EC) against central nervous system (CNS) proteins; Cytotherapy 2014; 16; Supplement 4.<\/li>\n\n\n\n<li>Homologous demineralised bone matrix (DBM) associated to autologous adipose mesenchymal stromal cells (aMSC) and efefcter cells (EC) against DBM induces bone tissue formation at two weeks post treatment of experimental jaw injury in pigs. Cytotherapy 2014; 16; Supplement 4.<\/li>\n\n\n\n<li>_<strong> <\/strong>Thesis: comparative study of the levels of arsenic and fluoride in groundwater used for consumption in the towns of ranches and O\u00b4Higgins province of Bs. As. Performed in the laboratory of sanitary engineering (LIS) of the Faculty of engineering, UNLP. 2011<\/li>\n\n\n\n<li>Techniques used:\n<ul class=\"wp-block-list\">\n<li>Silver diethylthiocarbamate technique.<\/li>\n\n\n\n<li>Ion selective electrode method for determining fluoride.<\/li>\n<\/ul>\n<\/li>\n<\/ul>\n<\/li>\n<\/ul>\n<\/div>\n\n\n\n<hr class=\"wp-block-separator has-alpha-channel-opacity\"\/>\n\n\n\n<div class=\"wp-block-group is-layout-constrained wp-block-group-is-layout-constrained\">\n<div class=\"wp-block-columns is-layout-flex wp-container-core-columns-is-layout-28f84493 wp-block-columns-is-layout-flex\">\n<div class=\"wp-block-column is-layout-flow wp-block-column-is-layout-flow\" style=\"flex-basis:33.33%\">\n<div class=\"wp-block-cover grayscale image-zoom-hover\" style=\"padding-top:0;padding-right:0;padding-bottom:0;padding-left:0;min-height:320px;aspect-ratio:unset;\"><span aria-hidden=\"true\" class=\"wp-block-cover__background has-background-dim\"><\/span><img loading=\"lazy\" decoding=\"async\" width=\"1200\" height=\"1600\" class=\"wp-block-cover__image-background wp-image-334\" alt=\"\" src=\"https:\/\/aumrit.org\/wp-content\/uploads\/2023\/07\/Dr.-Nahuel-Blassetti.jpg\" style=\"object-position:46% 33%\" data-object-fit=\"cover\" data-object-position=\"46% 33%\" srcset=\"https:\/\/aumrit.org\/wp-content\/uploads\/2023\/07\/Dr.-Nahuel-Blassetti.jpg 1200w, https:\/\/aumrit.org\/wp-content\/uploads\/2023\/07\/Dr.-Nahuel-Blassetti-225x300.jpg 225w, https:\/\/aumrit.org\/wp-content\/uploads\/2023\/07\/Dr.-Nahuel-Blassetti-768x1024.jpg 768w, https:\/\/aumrit.org\/wp-content\/uploads\/2023\/07\/Dr.-Nahuel-Blassetti-1152x1536.jpg 1152w\" sizes=\"auto, (max-width: 1200px) 100vw, 1200px\" \/><div class=\"wp-block-cover__inner-container is-layout-flow wp-block-cover-is-layout-flow\">\n<p class=\"has-text-align-center has-large-font-size\"><\/p>\n<\/div><\/div>\n<\/div>\n\n\n\n<div class=\"wp-block-column is-layout-flow wp-block-column-is-layout-flow\" style=\"flex-basis:66.66%\">\n<h2 class=\"wp-block-heading\" id=\"nahuelblasetti\"><strong>Nahuel Blasetti<\/strong><\/h2>\n\n\n\n<p id=\"E186\">Name: <strong>Nahuel Blasetti<\/strong><\/p>\n\n\n\n<p id=\"E188\">E-mail: <strong><em><a href=\"http:\/\/E-mail: nahuelblasetti@gmail.com\">nahuelblasetti@gmail.com<\/a><\/em><\/strong><\/p>\n<\/div>\n<\/div>\n\n\n\n<ul class=\"wp-block-list\">\n<li>Graduate in Biotechnology and Molecular Biology, graduated from the Faculty of Exact Sciences of the National University of La Plata.<\/li>\n\n\n\n<li>Cell and tissue culture specialist.<\/li>\n\n\n\n<li>Executive coordinator of the mesenchymal cell culture laboratory at MaterCell SA.<\/li>\n\n\n\n<li>Head of operations in the Laboratory of Regenerative Dentistry of the Faculty of Dentistry of the National University of La Plata.<\/li>\n\n\n\n<li>Professor of the subject Introduction to Cell Culture at the Faculty of Dentistry of the National University of La Plata.<\/li>\n<\/ul>\n<\/div>\n\n\n\n<hr class=\"wp-block-separator has-alpha-channel-opacity\"\/>\n\n\n\n<div class=\"wp-block-group is-layout-constrained wp-block-group-is-layout-constrained\">\n<div class=\"wp-block-columns is-layout-flex wp-container-core-columns-is-layout-28f84493 wp-block-columns-is-layout-flex\">\n<div class=\"wp-block-column is-layout-flow wp-block-column-is-layout-flow\" style=\"flex-basis:33.33%\">\n<div class=\"wp-block-cover is-light grayscale image-zoom-hover\" style=\"padding-top:0;padding-right:0;padding-bottom:0;padding-left:0;min-height:320px;aspect-ratio:unset;\"><span aria-hidden=\"true\" class=\"wp-block-cover__background has-background-dim\"><\/span><img loading=\"lazy\" decoding=\"async\" width=\"223\" height=\"250\" class=\"wp-block-cover__image-background wp-image-416\" alt=\"\" src=\"https:\/\/aumrit.org\/wp-content\/uploads\/2023\/08\/hugo-Giordano-2.png\" data-object-fit=\"cover\"\/><div class=\"wp-block-cover__inner-container is-layout-flow wp-block-cover-is-layout-flow\">\n<p class=\"has-text-align-center has-large-font-size\"><\/p>\n<\/div><\/div>\n<\/div>\n\n\n\n<div class=\"wp-block-column is-layout-flow wp-block-column-is-layout-flow\" style=\"flex-basis:66.66%\">\n<h2 class=\"wp-block-heading\" id=\"hugogiordano\"><strong>Hugo Giordano<\/strong><\/h2>\n\n\n\n<p id=\"E186\">Name: <strong>Hugo E. Giordano Cortazzo<\/strong><\/p>\n\n\n\n<p id=\"E188\">E-mail: <\/p>\n\n\n\n<p>Phone: <\/p>\n<\/div>\n<\/div>\n\n\n\n<ul class=\"wp-block-list\">\n<li>Doctor of Medicine from the University of the Republic, UDELAR, Uruguay. May 1984.<\/li>\n\n\n\n<li>He completed several stays and training in the management of Flow Cytometers in Argentina, Mexico and the United States, including an internship at the Hospital Universitario de Salamanca (Spain).<\/li>\n\n\n\n<li>Medical Director of the Laboratory of the P\u00e9rez Scremini Foundation \u2013 Pediatric Hematology in charge of Flow Cytometry, from 2013 to date; Institution that studies all children with leukemia in Uruguay.<\/li>\n\n\n\n<li>Former Director of Flow Cytometry in the Clinical Analysis Laboratory of the Spanish Association and CASMU.<\/li>\n\n\n\n<li>Coordinating teacher of the Flow Cytometry seminar at the University of Montevideo, years 2015-2016.<\/li>\n\n\n\n<li>He has made more than 70 presentations on cytometry in national and international conferences, with 21 published papers.<\/li>\n\n\n\n<li>Belonging to the Uruguayan Society of Hematology (SHU) Uruguayan Society of Cytology<\/li>\n\n\n\n<li>(SUC), Founding Member of the Rio de la Plata Flow Cytometry Group (Uruguay-Argentina- ISAC Subsidiary) having been its President 2012-2014 and integrated 5 Directive Commissions., and Member of the Latin American School of Cytometry.<\/li>\n<\/ul>\n<\/div>\n\n\n\n<hr class=\"wp-block-separator has-alpha-channel-opacity\"\/>\n\n\n\n<div class=\"wp-block-group is-layout-constrained wp-block-group-is-layout-constrained\">\n<div class=\"wp-block-columns is-layout-flex wp-container-core-columns-is-layout-28f84493 wp-block-columns-is-layout-flex\">\n<div class=\"wp-block-column is-layout-flow wp-block-column-is-layout-flow\" style=\"flex-basis:33.33%\">\n<div class=\"wp-block-cover is-light grayscale image-zoom-hover\" style=\"padding-top:0;padding-right:0;padding-bottom:0;padding-left:0;min-height:320px;aspect-ratio:unset;\"><span aria-hidden=\"true\" class=\"wp-block-cover__background has-background-dim\"><\/span><img loading=\"lazy\" decoding=\"async\" width=\"720\" height=\"960\" class=\"wp-block-cover__image-background wp-image-427\" alt=\"\" src=\"https:\/\/aumrit.org\/wp-content\/uploads\/2023\/09\/Marcos-Sabino.jpg\" data-object-fit=\"cover\" srcset=\"https:\/\/aumrit.org\/wp-content\/uploads\/2023\/09\/Marcos-Sabino.jpg 720w, https:\/\/aumrit.org\/wp-content\/uploads\/2023\/09\/Marcos-Sabino-225x300.jpg 225w\" sizes=\"auto, (max-width: 720px) 100vw, 720px\" \/><div class=\"wp-block-cover__inner-container is-layout-flow wp-block-cover-is-layout-flow\">\n<p class=\"has-text-align-center has-large-font-size\"><\/p>\n<\/div><\/div>\n<\/div>\n\n\n\n<div class=\"wp-block-column is-layout-flow wp-block-column-is-layout-flow\" style=\"flex-basis:66.66%\">\n<h2 class=\"wp-block-heading\" id=\"hugogiordano\"><strong>Marcos Sabino<\/strong><\/h2>\n\n\n\n<p id=\"E186\">Name: <strong>Marcos Antonio Sabino Guti\u00e9rrez<\/strong><\/p>\n\n\n\n<p>Phone: (0058) 2129063990 Ramal: 3990<\/p>\n<\/div>\n<\/div>\n\n\n\n<ul class=\"wp-block-list\">\n<li>Possui Gradua\u00e7\u00e3o em Qu\u00edmica de Pol\u00edmeros pela Universidade Sim\u00f3n Bol\u00edvar (USB) em Caracas-Venezuela (1989), Mestrado em Engenharia de Materiais (1996) e Doutorado em Qu\u00edmica (2000) pela mesma USB. Desenvolveu trabalhos de pesquisa em Biopolimeros no Instituto de pesquisa Frances INRA onde fez o seu primeiro pos-doutoramento (2002-2003), e logo entre 2004-2005 fez um segundo pos-doutoramento na Universidade do Minho (Braga-Portugal), no prestigioso grupo da Pesquisa em Biomateriais liderado pelo Dr. Rui Reis, o Grupo 3Bs. Teve a oportunidade de fazer um estagio corto (Agosto-Setembro 2006) de pesquisa na Unite de recherche en Biologie Cellulaire Vegetale des Facultes Universitaires Notre-Dame de la Paix a Namur-B\u00e9lgica. Entre Dezembro 2012 e Outubro 2013 fez um estagio do ano sab\u00e1tico no Centro de Tecnologia e Informa\u00e7\u00e3o (CTI) Renato Archer em Campinas (SP) e tamb\u00e9m fez algumas experiencias de laborat\u00f3rio durante esse per\u00edodo no Instituto Nacional de Tecnologia (INT) em Rio de Janeiro (RJ). Atualmente e desde o 2005, trabalha como Professor Titular a dedica\u00e7\u00e3o exclusiva do Departamento de Qu\u00edmica, da Universidade Sim\u00f3n Bol\u00edvar (Caracas-Venezuela), nas \u00e1reas de Qu\u00edmica Org\u00e2nica e Pol\u00edmeros. E pesquisador chefe do Grupo de Pesquisa B5IDA (Biomateriais ?Biomim\u00e9ticos ? Biopol\u00edmeros, Biodegrad\u00e1veis e Biocompat\u00edveis) onde dedica a sua pesquisa trabalhando com pol\u00edmeros como Poli\u00e1cido l\u00e1ctico PLA, policaprolactona PCL, poli(N-isopropil-acrilamida) PNIPA, blendas entre pol\u00edmeros biodegrad\u00e1veis, biopolimeros: quitosana, alginato, acido hialuronico, col\u00e1geno. Tamebm trabalha no desenvolvimento do Hidrog\u00e9is biodegrad\u00e1veis para o encapsulamento do f\u00e1rmacos e biomol\u00e9culas. Possui experi\u00eancia na \u00e1rea de caracteriza\u00e7\u00e3o de materiais (espectrosc\u00f3picas, calorim\u00e9tricas, morfol\u00f3gicas, mec\u00e2nicas, etc.) para o estudo destes biomateriais e dos processos de degrada\u00e7\u00e3o, e processo de modifica\u00e7\u00e3o qu\u00edmica de estes biomateriais. Tamb\u00e9m usa t\u00e9cnicas como prototipagem r\u00e1pida para a produ\u00e7\u00e3o de andamios para engenharia tecidual e electrospinning. Pertenceu \u00e0 rede BIOFAB (Rede Iberoamericana de Biofabrica\u00e7\u00e3o: Materiais, Processos e Simula\u00e7\u00e3o) financiada pelo CYTED (Programa Ibero-Americano de Ci\u00eancia y Tecnologia para el Desarrollo). Tem sido referi de v\u00e1rias revistas cient\u00edficas internacionais. \u00c9 membro do Programa de Estimulo para a Pesquisa Venezuelana (PEII, n\u00edvel A) e de diversas comiss\u00f5es acad\u00eamicas e de pesquisa dentro da Universidade Sim\u00f3n Bol\u00edvar. Chefe do departamento de qu\u00edmica da Universidade Sim\u00f3n Bol\u00edvar de 2019 at\u00e9 o presente.<\/li>\n<\/ul>\n<\/div>\n","protected":false},"excerpt":{"rendered":"<p>Leonardo Ugartemendia Name: Ugartemendia, Leonardo Adrian Phone: 011-15-38302415 E-mail: leougarte_13@hotmail.com.ar Address: Av. Jujuy &#8216;1433 N [&hellip;]<\/p>\n","protected":false},"author":1,"featured_media":0,"parent":308,"menu_order":40,"comment_status":"closed","ping_status":"closed","template":"","meta":{"footnotes":""},"class_list":["post-310","page","type-page","status-publish","hentry"],"_links":{"self":[{"href":"https:\/\/aumrit.org\/index.php?rest_route=\/wp\/v2\/pages\/310","targetHints":{"allow":["GET"]}}],"collection":[{"href":"https:\/\/aumrit.org\/index.php?rest_route=\/wp\/v2\/pages"}],"about":[{"href":"https:\/\/aumrit.org\/index.php?rest_route=\/wp\/v2\/types\/page"}],"author":[{"embeddable":true,"href":"https:\/\/aumrit.org\/index.php?rest_route=\/wp\/v2\/users\/1"}],"replies":[{"embeddable":true,"href":"https:\/\/aumrit.org\/index.php?rest_route=%2Fwp%2Fv2%2Fcomments&post=310"}],"version-history":[{"count":11,"href":"https:\/\/aumrit.org\/index.php?rest_route=\/wp\/v2\/pages\/310\/revisions"}],"predecessor-version":[{"id":428,"href":"https:\/\/aumrit.org\/index.php?rest_route=\/wp\/v2\/pages\/310\/revisions\/428"}],"up":[{"embeddable":true,"href":"https:\/\/aumrit.org\/index.php?rest_route=\/wp\/v2\/pages\/308"}],"wp:attachment":[{"href":"https:\/\/aumrit.org\/index.php?rest_route=%2Fwp%2Fv2%2Fmedia&parent=310"}],"curies":[{"name":"wp","href":"https:\/\/api.w.org\/{rel}","templated":true}]}}