{"id":40,"date":"2023-05-11T20:16:53","date_gmt":"2023-05-11T20:16:53","guid":{"rendered":"https:\/\/aumrit.org\/?page_id=40"},"modified":"2023-07-29T22:44:18","modified_gmt":"2023-07-29T22:44:18","slug":"curso-2023-bibliografia","status":"publish","type":"page","link":"https:\/\/aumrit.org\/?page_id=40","title":{"rendered":"Bibliograf\u00eda"},"content":{"rendered":"\n<h2 class=\"wp-block-heading\">Bibliograf\u00eda de Ingenier\u00eda de Tejidos<\/h2>\n\n\n\n<p id=\"E519\">Akilbekova, D., &amp; Turlybekuly, A. (2023). Patient-specific 3D bioprinting for in situ tissue engineering and regenerative medicine. In&nbsp;<em>3D <\/em><em>Printing<\/em><em> in Medicine<\/em>&nbsp;(pp. 149-178). Woodhead Publishing. https:\/\/doi.org\/10.1016\/B978-0-323-89831-7.00003-1<\/p>\n\n\n\n<p id=\"E560\">BS EN ISO 10993\u20101:2020. Biological evaluation of medical devices. Evaluation and testing within a risk management process.<\/p>\n\n\n\n<p id=\"E598\">BS EN ISO 10993-13:2010. Biological evaluation of medical devices. Identification and quantification of degradation products from polymeric medical devices (ISO 10993-13:2010).<\/p>\n\n\n\n<p id=\"E640\">BS EN ISO 10993\u201018:2020. Biological evaluation of medical devices. Chemical characterization of medical device materials within a risk management process<\/p>\n\n\n\n<p id=\"E685\">Caliari, S. R., &amp; Burdick, J. A. (2016). A practical guide to hydrogels for cell culture.&nbsp;<em>Nature<\/em><em> <\/em><em>methods<\/em>,&nbsp;<em>13<\/em>(5), 405-414. &nbsp;https:\/\/doi.org\/10.1038\/nmeth.3839<\/p>\n\n\n\n<p id=\"E720\">Chandra P. Sharma and Michael Szycher. Blood compatible Materials Devices, perspectives towards the 21 century. Eds. Technomic Publishing Co. Inc. 1991, ISBN 87762-733-9.<\/p>\n\n\n\n<p id=\"E765\">Derakhshanfar, S., Mbeleck, R., Xu, K., Zhang, X., Zhong, W., &amp; Xing, M. (2018). 3D bioprinting for biomedical devices and tissue engineering: A review of recent trends and advances.&nbsp;<em>Bioactive<\/em><em> <\/em><em>materials<\/em>,&nbsp;<em>3<\/em>(2), 144-156. https:\/\/doi.org\/10.1016\/j.bioactmat.2017.11.008<\/p>\n\n\n\n<p id=\"E837\">F.H. Silver. Biomaterials medical devices and tissue engineering; Chapman Hall, 1994. ISBN 0412-412608.<\/p>\n\n\n\n<p id=\"E859\">Hoffman, F.J. Schoen, et al. Biomaterials Science: An introduction to materials in medicine; Ed. Academic Press, August, 1996. ISBN 0-12-582460-2.<\/p>\n\n\n\n<p id=\"E897\">Joan F. Gardner and Margaret M. Peel. Introduction to sterilization, desinfection and infectios control of biomaterials. Churchil Livingsone, 1991.<\/p>\n\n\n\n<p id=\"E931\">Jonathan Black, Marcel Dekker. Biological Performance of Materials: Fundaments of Biocompatibility. USA. 1992. ISBN 0-8247-8439-1.<\/p>\n\n\n\n<p id=\"E953\">Joon Bu Park. Biomaterials Science and Engineering, , Plenum Press Inc., 1984<\/p>\n\n\n\n<p id=\"E981\">Kesharwani, P., Bisht, A., Alexander, A., Dave, V., &amp; Sharma, S. (2021). Biomedical applications of hydrogels in drug delivery system: An update.&nbsp;<em>Journal<\/em><em> of <\/em><em>Drug<\/em><em> <\/em><em>Delivery<\/em><em> <\/em><em>Science<\/em><em> and <\/em><em>Technology<\/em>,&nbsp;<em>66<\/em>, 102914. https:\/\/doi.org\/10.1016\/j.jddst.2021.102914<\/p>\n\n\n\n<p id=\"E1053\">L.L. Hench. Biomaterial and interfacial approach; Ethridge, Academic Press, 1982.<\/p>\n\n\n\n<p id=\"E1079\">Lanza, Robert et al. Essentials of Stem Cell Biology. Segunda Edi\u00e7\u00e3o. Editora Elsevier \/ Academic Press, Canad\u00e1, 2005.<\/p>\n\n\n\n<p id=\"E1109\">M.A. Barbosa and A. Campilho. Imaging Techniques in Biomaterials. Eds., North Holland, Elsevier Science B.V., 1994. ISBN 0-444-897747.<\/p>\n\n\n\n<p id=\"E1139\">Minuth, Will W., Strehl, Raimund; Schumacher, Karl.&nbsp;Tissue Engineering: Essentials for daily laboratory work. Wiley-VCH, 2005.<\/p>\n\n\n\n<p id=\"E1184\">Montero, F. E., Rezende, R. A., Da Silva, J. V., &amp; Sabino, M. A. (2019). Development of a smart bioink for bioprinting applications.&nbsp;<em>Frontiers<\/em><em> in <\/em><em>Mechanical<\/em><em> <\/em><em>Engineering<\/em>,&nbsp;<em>5<\/em>, 56. https:\/\/doi.org\/10.3389\/fmech.2019.00056<\/p>\n\n\n\n<p id=\"E1229\">Or\u00e9fice, Rodrigo Lambert; Pereira, Marivalda de Magalh\u00e3es; Mansur, Herman Sander.&nbsp;Biomateriais: fundamentos e aplica\u00e7\u00f5es. Cultura M\u00e9dica, 2006.<\/p>\n\n\n\n<p id=\"E1258\">Pranke Patricia; Weibel DE; Braghirolli, Daikely I. Electrospun Scaffolds of Biodegradable Polyesters: Manufacturing and Biomedical Behavior. Cap. 7: 155-180. In: Biodegradable Polyesters. Ed. Stoyko Fakirov. Wiley-VCHWeinheim, Germany, 2015.<\/p>\n\n\n\n<p id=\"E1319\">Pranke, Patricia; Chagastelles Pedro. Potentialities of Adipose-Derived Mesenchymal Stem Cells Collected from Liposuction for Use in Cellular Therapy. v. XXVII, p. 151-157. In: Niranjan Bhattacharya; Philip Stubblefield. (Org.). Regenerative Medicine. 285ed.New York: Springer, 2015.<\/p>\n\n\n\n<p id=\"E1396\">Pranke, Patricia; Onsten, Tor. Umbilical cord blood transfusion and its therapeutic potentialities. v. 01, p. 45-56. In: Niranjan Bhattacharya and Phillip Stubblefield,. (Org.). Regenerative Medicine Using Pregnancy-Specific Biological Substances. 1ed.Londres: Springer, 2011.<\/p>\n\n\n\n<p id=\"E1480\">Pranke, Patricia;&nbsp;<a is=\"qowt-hyperlink\" href=\"http:\/\/lattes.cnpq.br\/8821258295684523\" target=\"_blank\" rel=\"noreferrer noopener\">Casagrande<\/a>,&nbsp;Luciano; Luisi, Simone Bonatto. Stem Cells from Dental Tissue for Regenerative Dentistry and Medicine. v. XXVII, p. 161-169. In: Niranjan<\/p>\n\n\n\n<p>Bhattacharya; Phillip George Stubblefield. (Org.). Regenerative Medicine. 285ed.New York: Springer, 2015.<\/p>\n\n\n\n<p id=\"E1552\">Rehen, Stevens &amp; Paulsen, Bruna. C\u00e9lulas-tronco. O que s\u00e3o? Para que servem? Vieira e Lent casa editorial Ltda., Brasil, 2007.<\/p>\n\n\n\n<p id=\"E1573\">Roy, Krishnendu. Biomaterials as Stem Cell Niche. Studies in Mechanobiology, Tissue Engineering and Biomaterials. Volume 2. EditoraSpringer-Verlag, Berlim, 2010.<\/p>\n\n\n\n<p id=\"E1623\">Sabino, M. A., Albuerne, J., M\u00fcller, A. J., Brisson, J., &amp; Prud&#8217;homme, R. E. (2004). Influence of in vitro hydrolytic degradation on the morphology and crystallization behavior of poly (p-dioxanone).&nbsp;<em>Biomacromolecules<\/em>,&nbsp;<em>5<\/em>(2), 358-370.<\/p>\n\n\n\n<p id=\"E1684\">Sabino, M. A., Loaiza, M., Dernowsek, J., Rezende, R., &amp; Da Silva, J. V. (2017). T\u00e9cnicas para la fabricaci\u00f3n de andamios polim\u00e9ricos con aplicaciones en ingenier\u00eda de tejidos.&nbsp;<em>Rev. <\/em><em>LatinAm<\/em><em>. Metal. Mat<\/em>,&nbsp;<em>37<\/em>, 1-27.<\/p>\n\n\n\n<p id=\"E1702\">Steinhoff, Gustav. Regenerative Medicine from Protocol to Patient. Segunda Edi\u00e7\u00e3o. Springer Science&amp; Business Media, 2011.<\/p>\n\n\n\n<p id=\"E1735\">Zago, Marco Antonio &amp; Covas, Dimas Tadeu.&nbsp;C\u00e9lulas-tronco: A nova fronteira da medicina. Atheneu, 2006.<\/p>\n","protected":false},"excerpt":{"rendered":"<p>Bibliograf\u00eda de Ingenier\u00eda de Tejidos Akilbekova, D., &amp; Turlybekuly, A. (2023). Patient-specific 3D bioprinting for [&hellip;]<\/p>\n","protected":false},"author":1,"featured_media":0,"parent":308,"menu_order":30,"comment_status":"closed","ping_status":"closed","template":"","meta":{"footnotes":""},"class_list":["post-40","page","type-page","status-publish","hentry"],"_links":{"self":[{"href":"https:\/\/aumrit.org\/index.php?rest_route=\/wp\/v2\/pages\/40","targetHints":{"allow":["GET"]}}],"collection":[{"href":"https:\/\/aumrit.org\/index.php?rest_route=\/wp\/v2\/pages"}],"about":[{"href":"https:\/\/aumrit.org\/index.php?rest_route=\/wp\/v2\/types\/page"}],"author":[{"embeddable":true,"href":"https:\/\/aumrit.org\/index.php?rest_route=\/wp\/v2\/users\/1"}],"replies":[{"embeddable":true,"href":"https:\/\/aumrit.org\/index.php?rest_route=%2Fwp%2Fv2%2Fcomments&post=40"}],"version-history":[{"count":4,"href":"https:\/\/aumrit.org\/index.php?rest_route=\/wp\/v2\/pages\/40\/revisions"}],"predecessor-version":[{"id":49,"href":"https:\/\/aumrit.org\/index.php?rest_route=\/wp\/v2\/pages\/40\/revisions\/49"}],"up":[{"embeddable":true,"href":"https:\/\/aumrit.org\/index.php?rest_route=\/wp\/v2\/pages\/308"}],"wp:attachment":[{"href":"https:\/\/aumrit.org\/index.php?rest_route=%2Fwp%2Fv2%2Fmedia&parent=40"}],"curies":[{"name":"wp","href":"https:\/\/api.w.org\/{rel}","templated":true}]}}