{"id":60,"date":"2023-05-18T20:31:48","date_gmt":"2023-05-18T20:31:48","guid":{"rendered":"https:\/\/aumrit.org\/?page_id=60"},"modified":"2023-09-02T19:59:37","modified_gmt":"2023-09-02T19:59:37","slug":"curso-2023-programa","status":"publish","type":"page","link":"https:\/\/aumrit.org\/?page_id=60","title":{"rendered":"Programa"},"content":{"rendered":"\n<figure class=\"wp-block-image size-full is-resized\"><a href=\"https:\/\/termis.org\"><img loading=\"lazy\" decoding=\"async\" src=\"https:\/\/aumrit.org\/wp-content\/uploads\/2023\/08\/T-de-Termis.jpg\" alt=\"\" class=\"wp-image-367\" style=\"width:104px;height:104px\" width=\"104\" height=\"104\" srcset=\"https:\/\/aumrit.org\/wp-content\/uploads\/2023\/08\/T-de-Termis.jpg 300w, https:\/\/aumrit.org\/wp-content\/uploads\/2023\/08\/T-de-Termis-150x150.jpg 150w\" sizes=\"auto, (max-width: 104px) 100vw, 104px\" \/><\/a><\/figure>\n\n\n\n<h2 class=\"wp-block-heading has-text-align-center\" style=\"text-transform:uppercase\"><em>Programa<\/em><\/h2>\n\n\n\n<h3 class=\"wp-block-heading\" id=\"E531\"><strong>Primer Ciclo<\/strong><\/h3>\n\n\n\n<h4 class=\"wp-block-heading\" id=\"E535\"><strong>Dado el a\u00f1o pasado. <a href=\"https:\/\/aumrit.org\/?page_id=58\" data-type=\"URL\" data-id=\"https:\/\/aumrit.org\/?page_id=58\"><mark style=\"background-color:rgba(0, 0, 0, 0)\" class=\"has-inline-color has-primary-color\">Vea ac\u00e1 el contenido<\/mark><\/a><\/strong><\/h4>\n\n\n\n<hr class=\"wp-block-separator has-alpha-channel-opacity\"\/>\n\n\n\n<h3 class=\"wp-block-heading\" id=\"segundociclo\">Segundo Ciclo<strong> &#8211;<\/strong> <strong>Medicina Regenerativa<\/strong><\/h3>\n\n\n\n<ul class=\"wp-block-list\">\n<li>\u00bfQ<strong>u\u00e9 es una C\u00e9lula Madre?<\/strong>\n<ul class=\"wp-block-list\">\n<li><strong><strong><a href=\"https:\/\/aumrit.org\/?page_id=310#leonardougartemendia\" data-type=\"page\">BQ. Leonardo Ugartemendia &#8211; Universidad de Buenos Aires, Argentina<\/a><\/strong><\/strong>\n<ul class=\"wp-block-list\">\n<li><strong>A determinar<\/strong><\/li>\n<\/ul>\n<\/li>\n<\/ul>\n<\/li>\n\n\n\n<li>\u00bfQ<strong>u\u00e9 es una C\u00e9lula Mesenquimal? <em><mark style=\"background-color:rgba(0, 0, 0, 0)\" class=\"has-inline-color has-sky-blue-color\">M\u00e9todo de extracci\u00f3n y separaci\u00f3n para su uso<\/mark><\/em>.<\/strong>\n<ul class=\"wp-block-list\">\n<li><strong><strong><strong><a href=\"https:\/\/aumrit.org\/?page_id=310#leonardougartemendia\">BQ. Leonardo Ugartemendia &#8211; Universidad de Buenos Aires, Argentina<\/a><\/strong><\/strong><\/strong>\n<ul class=\"wp-block-list\">\n<li><strong><strong>A determinar<\/strong><\/strong><\/li>\n<\/ul>\n<\/li>\n<\/ul>\n<\/li>\n\n\n\n<li>\u00bfQ<strong>u\u00e9 es una Plaqueta?<\/strong>\n<ul class=\"wp-block-list\">\n<li><strong><a href=\"https:\/\/aumrit.org\/?page_id=95#presidente\">Dra. Margarita Garc\u00eda Rizzo &#8211; Presidente de A.U.M.R.I.T., Montevideo &#8211; Uruguay<\/a><\/strong>\n<ul class=\"wp-block-list\">\n<li><strong><strong>A determinar<\/strong><\/strong><\/li>\n<\/ul>\n<\/li>\n<\/ul>\n<\/li>\n\n\n\n<li>\u00bfQ<strong>u\u00e9 rol juega la se\u00f1alizaci\u00f3n intercelular?<\/strong>\n<ul class=\"wp-block-list\">\n<li><strong><a href=\"https:\/\/aumrit.org\/?page_id=310#nahuelblasetti\">Lic. Nahuel Blasetti<strong><strong> &#8211; Universidad Nacional de La Plata, Argentina<\/strong><\/strong><\/a><\/strong>\n<ul class=\"wp-block-list\">\n<li><strong><strong>A determinar<\/strong><\/strong><\/li>\n<\/ul>\n<\/li>\n<\/ul>\n<\/li>\n<\/ul>\n\n\n\n<hr class=\"wp-block-separator has-alpha-channel-opacity\"\/>\n\n\n\n<h3 class=\"wp-block-heading\" id=\"tercerciclo\"><strong>Tercer Ciclo &#8211; Ingenier\u00eda de Tejidos<\/strong><\/h3>\n\n\n\n<ul class=\"wp-block-list\">\n<li><strong>Propiedades f\u00edsicas y qu\u00edmicas de los pol\u00edmeros. Estructura y degradaci\u00f3n de pol\u00edmeros<\/strong>.\n<ul class=\"wp-block-list\">\n<li><strong><a href=\"https:\/\/aumrit.org\/?page_id=310#marcossabino\">Prof. Dr. Marcos Sabino \u2013 Universidad Sim\u00f3n Bol\u00edvar. Venezuela<\/a><\/strong>\n<ul class=\"wp-block-list\">\n<li><strong><strong>A determinar<\/strong><\/strong><\/li>\n<\/ul>\n<\/li>\n<\/ul>\n<\/li>\n\n\n\n<li><strong>Superficies de biomateriales y biocompatibilidad. Relevancia de las superficies sobre los implantes en cuanto a su <em><mark style=\"background-color:rgba(0, 0, 0, 0)\" class=\"has-inline-color has-sky-blue-color\">aplicaci\u00f3n cl\u00ednica<\/mark><\/em><\/strong>.\n<ul class=\"wp-block-list\">\n<li><strong><a href=\"https:\/\/aumrit.org\/?page_id=310#marcossabino\">Prof. Dr. Marcos Sabino \u2013 Universidad Sim\u00f3n Bol\u00edvar. Venezuela<\/a><\/strong>\n<ul class=\"wp-block-list\">\n<li><strong><strong>A determinar<\/strong><\/strong><\/li>\n<\/ul>\n<\/li>\n<\/ul>\n<\/li>\n\n\n\n<li><strong>Medicina Regenerativa. Tipos celulares utilizados en asociaci\u00f3n con biomateriales en la medicina regenerativa. Ingenier\u00eda de Tejidos. <em><mark style=\"background-color:rgba(0, 0, 0, 0)\" class=\"has-inline-color has-sky-blue-color\">T\u00e9cnicas de fabricaci\u00f3n e impresi\u00f3n 3D<\/mark><\/em>. <em><mark style=\"background-color:rgba(0, 0, 0, 0)\" class=\"has-inline-color has-sky-blue-color\">T\u00e9cnicas avanzadas para la construcci\u00f3n de estructuras (descelularizaci\u00f3n) para la regeneraci\u00f3n de tejidos a partir de biomateriales<\/mark><\/em><\/strong>.\n<ul class=\"wp-block-list\">\n<li><strong><a href=\"https:\/\/aumrit.org\/?page_id=310#marcossabino\">Prof. Dr. Marcos Sabino \u2013 Universidad Sim\u00f3n Bol\u00edvar. Venezuela<\/a><\/strong>\n<ul class=\"wp-block-list\">\n<li><strong><strong>A determinar<\/strong><\/strong><\/li>\n<\/ul>\n<\/li>\n<\/ul>\n<\/li>\n\n\n\n<li><strong>Electrospinning y obtenci\u00f3n de arquitecturas biomim\u00e9ticas.<\/strong> <strong>Hidrogeles, Biotintas, <\/strong><strong>sistemas de liberaci\u00f3n controlada de f\u00e1rmacos y otras biomol\u00e9culas<\/strong>.\n<ul class=\"wp-block-list\">\n<li><strong><a href=\"https:\/\/aumrit.org\/?page_id=310#marcossabino\">Prof. Dr. Marcos Sabino \u2013 Universidad Sim\u00f3n Bol\u00edvar. Venezuel<\/a>a<\/strong>\n<ul class=\"wp-block-list\">\n<li><strong><strong>A determinar<\/strong><\/strong><\/li>\n<\/ul>\n<\/li>\n<\/ul>\n<\/li>\n\n\n\n<li><strong>Normas t\u00e9cnicas (internacionales) para la realizaci\u00f3n de ensayos <em>in vivo<\/em> e <em>in vitro<\/em> de estudios de biocompatibilidad<\/strong>.\n<ul class=\"wp-block-list\">\n<li><strong><a href=\"https:\/\/aumrit.org\/?page_id=310#marcossabino\">Prof. Dr. Marcos Sabino \u2013 Universidad Sim\u00f3n Bol\u00edvar. Venezuela<\/a><\/strong>\n<ul class=\"wp-block-list\">\n<li><strong><strong>A determinar<\/strong><\/strong><\/li>\n<\/ul>\n<\/li>\n<\/ul>\n<\/li>\n<\/ul>\n\n\n\n<hr class=\"wp-block-separator has-alpha-channel-opacity\"\/>\n\n\n\n<h3 class=\"wp-block-heading\" id=\"cuartociclo\"><strong>Cuarto Ciclo<\/strong><\/h3>\n\n\n\n<ul class=\"wp-block-list\">\n<li><strong>Caracterizaci\u00f3n y diferenciaci\u00f3n de la C\u00e9lula Madre<\/strong>\n<ul class=\"wp-block-list\">\n<li><strong><strong><strong><a href=\"https:\/\/aumrit.org\/?page_id=310#leonardougartemendia\">BQ. Leonardo Ugartemendia &#8211; Universidad de Buenos Aires, Argentina<\/a><\/strong><\/strong><\/strong>\n<ul class=\"wp-block-list\">\n<li><strong><strong>A determinar<\/strong><\/strong><\/li>\n<\/ul>\n<\/li>\n<\/ul>\n<\/li>\n\n\n\n<li><strong>Clasificaci\u00f3n de C\u00e9lulas Madre, marcadores espec\u00edficos<\/strong>\n<ul class=\"wp-block-list\">\n<li><strong><strong><strong><strong><a href=\"https:\/\/aumrit.org\/?page_id=310#leonardougartemendia\">BQ. Leonardo Ugartemendia &#8211; Universidad de Buenos Aires, Argentina<\/a><\/strong><\/strong><\/strong><\/strong>\n<ul class=\"wp-block-list\">\n<li><strong><strong>A determinar<\/strong><\/strong><\/li>\n<\/ul>\n<\/li>\n<\/ul>\n<\/li>\n\n\n\n<li><strong><em><mark style=\"background-color:rgba(0, 0, 0, 0)\" class=\"has-inline-color has-sky-blue-color\">Recuento de CD + 34 por citometr\u00eda de flujo. Cuantificaci\u00f3n<\/mark><\/em><\/strong>\n<ul class=\"wp-block-list\">\n<li><strong><strong><strong><a href=\"https:\/\/aumrit.org\/?page_id=310#nahuelblasetti\">Lic. Nahuel Blasetti<strong><strong> &#8211; Universidad Nacional de La Plata, Argentina<\/strong><\/strong><\/a><\/strong><\/strong><\/strong>\n<ul class=\"wp-block-list\">\n<li><strong><strong>A determinar<\/strong><\/strong><\/li>\n<\/ul>\n<\/li>\n<\/ul>\n<\/li>\n\n\n\n<li><strong>Perfiles de actividad, plataformas. \u00bfContaminaci\u00f3n con c\u00e9lulas tumorales?<\/strong>\n<ul class=\"wp-block-list\">\n<li><strong><a href=\"https:\/\/aumrit.org\/?page_id=310#hugogiordano\">Prof. Dr. Hugo Giordano &#8211; Fundaci\u00f3n P\u00e9rez Scremini, Montevideo<\/a><\/strong>\n<ul class=\"wp-block-list\">\n<li><strong><strong>A determinar<\/strong><\/strong><\/li>\n<\/ul>\n<\/li>\n<\/ul>\n<\/li>\n<\/ul>\n\n\n\n<hr class=\"wp-block-separator has-alpha-channel-opacity\"\/>\n\n\n\n<h3 class=\"wp-block-heading\" id=\"quintociclo\"><strong>Quinto Ciclo &#8211; T\u00e9cnicas<\/strong><\/h3>\n\n\n\n<ul class=\"wp-block-list\">\n<li><strong>Factores de Crecimiento <strong>Plaquetarios<\/strong><\/strong>. <strong><em><mark style=\"background-color:rgba(0, 0, 0, 0)\" class=\"has-inline-color has-sky-blue-color\">Preparaci\u00f3n de los diferentes concentrados, activaci\u00f3n, control de calidad<\/mark><\/em><\/strong>\n<ul class=\"wp-block-list\">\n<li><strong><a href=\"https:\/\/aumrit.org\/?page_id=97#pedrocladera\">Dr. Pedro Cladera &#8211; Director t\u00e9cnico de Biotec Lab, Montevideo<\/a><\/strong>\n<ul class=\"wp-block-list\">\n<li><strong><strong>A determinar<\/strong><\/strong><\/li>\n<\/ul>\n<\/li>\n<\/ul>\n<\/li>\n\n\n\n<li><strong><em><mark style=\"background-color:rgba(0, 0, 0, 0)\" class=\"has-inline-color has-sky-blue-color\">C\u00e9lulas madre medulares, de pulpa dental y de cord\u00f3n umbilical<\/mark><\/em><\/strong>\n<ul class=\"wp-block-list\">\n<li><strong><strong><a href=\"https:\/\/aumrit.org\/?page_id=310#nahuelblasetti\">Lic. Nahuel Blasetti<strong><strong> &#8211; Universidad Nacional de La Plata, Argentina<\/strong><\/strong><\/a><\/strong><\/strong>\n<ul class=\"wp-block-list\">\n<li><strong><strong>A determinar<\/strong><\/strong><\/li>\n<\/ul>\n<\/li>\n<\/ul>\n<\/li>\n\n\n\n<li><strong><em><mark style=\"background-color:rgba(0, 0, 0, 0)\" class=\"has-inline-color has-sky-blue-color\">M\u00e9todos de prediferenciaci\u00f3n de las C\u00e9lulas madre para tratar patolog\u00edas espec\u00edficas<\/mark><\/em><\/strong>\n<ul class=\"wp-block-list\">\n<li><strong><strong><a href=\"https:\/\/aumrit.org\/?page_id=310#nahuelblasetti\">Lic. Nahuel Blasetti<strong><strong> &#8211; Universidad Nacional de La Plata, Argentina<\/strong><\/strong><\/a><\/strong><\/strong>\n<ul class=\"wp-block-list\">\n<li><strong><strong>A determinar<\/strong><\/strong><\/li>\n<\/ul>\n<\/li>\n<\/ul>\n<\/li>\n\n\n\n<li><strong><em><mark style=\"background-color:rgba(0, 0, 0, 0)\" class=\"has-inline-color has-sky-blue-color\">Cultivo de las C\u00e9lulas madre prediferenciadas. Pr\u00e1ctico<\/mark><\/em><\/strong>\n<ul class=\"wp-block-list\">\n<li><strong><strong><strong><a href=\"https:\/\/aumrit.org\/?page_id=310#nahuelblasetti\">Lic. Nahuel Blasetti<strong><strong> &#8211; Universidad Nacional de La Plata, Argentina<\/strong><\/strong><\/a><\/strong><\/strong><\/strong>\n<ul class=\"wp-block-list\">\n<li><strong><strong>A determinar<\/strong><\/strong><\/li>\n<\/ul>\n<\/li>\n<\/ul>\n<\/li>\n<\/ul>\n","protected":false},"excerpt":{"rendered":"<p>Programa Primer Ciclo Dado el a\u00f1o pasado. Vea ac\u00e1 el contenido Segundo Ciclo &#8211; Medicina [&hellip;]<\/p>\n","protected":false},"author":1,"featured_media":0,"parent":308,"menu_order":20,"comment_status":"closed","ping_status":"closed","template":"","meta":{"footnotes":""},"class_list":["post-60","page","type-page","status-publish","hentry"],"_links":{"self":[{"href":"https:\/\/aumrit.org\/index.php?rest_route=\/wp\/v2\/pages\/60","targetHints":{"allow":["GET"]}}],"collection":[{"href":"https:\/\/aumrit.org\/index.php?rest_route=\/wp\/v2\/pages"}],"about":[{"href":"https:\/\/aumrit.org\/index.php?rest_route=\/wp\/v2\/types\/page"}],"author":[{"embeddable":true,"href":"https:\/\/aumrit.org\/index.php?rest_route=\/wp\/v2\/users\/1"}],"replies":[{"embeddable":true,"href":"https:\/\/aumrit.org\/index.php?rest_route=%2Fwp%2Fv2%2Fcomments&post=60"}],"version-history":[{"count":31,"href":"https:\/\/aumrit.org\/index.php?rest_route=\/wp\/v2\/pages\/60\/revisions"}],"predecessor-version":[{"id":425,"href":"https:\/\/aumrit.org\/index.php?rest_route=\/wp\/v2\/pages\/60\/revisions\/425"}],"up":[{"embeddable":true,"href":"https:\/\/aumrit.org\/index.php?rest_route=\/wp\/v2\/pages\/308"}],"wp:attachment":[{"href":"https:\/\/aumrit.org\/index.php?rest_route=%2Fwp%2Fv2%2Fmedia&parent=60"}],"curies":[{"name":"wp","href":"https:\/\/api.w.org\/{rel}","templated":true}]}}