{"id":95,"date":"2023-06-02T00:17:51","date_gmt":"2023-06-02T00:17:51","guid":{"rendered":"https:\/\/aumrit.org\/?page_id=95"},"modified":"2023-08-16T18:46:06","modified_gmt":"2023-08-16T18:46:06","slug":"comision-directiva","status":"publish","type":"page","link":"https:\/\/aumrit.org\/?page_id=95","title":{"rendered":"Comisi\u00f3n Directiva"},"content":{"rendered":"\n<div class=\"wp-block-group is-layout-constrained wp-block-group-is-layout-constrained\">\n<div class=\"wp-block-columns is-layout-flex wp-container-core-columns-is-layout-28f84493 wp-block-columns-is-layout-flex\">\n<div class=\"wp-block-column is-layout-flow wp-block-column-is-layout-flow\" style=\"flex-basis:33.33%\">\n<div class=\"wp-block-cover is-light grayscale image-zoom-hover\" style=\"padding-top:0;padding-right:0;padding-bottom:0;padding-left:0;min-height:100%;aspect-ratio:unset;\"><span aria-hidden=\"true\" class=\"wp-block-cover__background has-background-dim\"><\/span><img loading=\"lazy\" decoding=\"async\" width=\"2560\" height=\"1920\" class=\"wp-block-cover__image-background wp-image-140\" alt=\"\" src=\"https:\/\/aumrit.org\/wp-content\/uploads\/2023\/06\/IMG_20211230_1813402-scaled.jpg\" style=\"object-position:58% 46%\" data-object-fit=\"cover\" data-object-position=\"58% 46%\" srcset=\"https:\/\/aumrit.org\/wp-content\/uploads\/2023\/06\/IMG_20211230_1813402-scaled.jpg 2560w, https:\/\/aumrit.org\/wp-content\/uploads\/2023\/06\/IMG_20211230_1813402-300x225.jpg 300w, https:\/\/aumrit.org\/wp-content\/uploads\/2023\/06\/IMG_20211230_1813402-1024x768.jpg 1024w, https:\/\/aumrit.org\/wp-content\/uploads\/2023\/06\/IMG_20211230_1813402-768x576.jpg 768w, https:\/\/aumrit.org\/wp-content\/uploads\/2023\/06\/IMG_20211230_1813402-1536x1152.jpg 1536w, https:\/\/aumrit.org\/wp-content\/uploads\/2023\/06\/IMG_20211230_1813402-2048x1536.jpg 2048w\" sizes=\"auto, (max-width: 2560px) 100vw, 2560px\" \/><div class=\"wp-block-cover__inner-container is-layout-flow wp-block-cover-is-layout-flow\">\n<p class=\"has-text-align-center has-large-font-size\"><\/p>\n<\/div><\/div>\n<\/div>\n\n\n\n<div class=\"wp-block-column is-layout-flow wp-block-column-is-layout-flow\" style=\"flex-basis:66.66%\">\n<h2 class=\"wp-block-heading\" id=\"presidente\">Presidente<\/h2>\n\n\n\n<p id=\"E186\">Name: Mar\u00eda Margarita Garc\u00eda Rizzo.<\/p>\n\n\n\n<p id=\"E188\">Phone: +598-29 08 7933 (home)<\/p>\n\n\n\n<p id=\"E190\">E-mail: <a is=\"qowt-hyperlink\" href=\"mailto:maggie.garciarizzo@gmail.com\" target=\"_blank\" rel=\"noreferrer noopener\">maggie.garciarizzo@gmail.com<\/a><\/p>\n\n\n\n<p id=\"E195\">Address: Rambla Rep\u00fablica Argentina 1225\/ 708. Z.C 11.100. Montevideo. Uruguay<\/p>\n<\/div>\n<\/div>\n\n\n\n<ul class=\"wp-block-list\">\n<li>M.D. &#8211; Hematologist &#8211; Postgraduate in U.S.P. Brazil. <\/li>\n\n\n\n<li>Ph.D. in Cell Biology and Anatomy Microscopy.<\/li>\n\n\n\n<li>University of North Carolina. Chapell Hill. USA.<\/li>\n\n\n\n<li>Oxford Hemophilia Center. Churchill Hospital. U.K.<\/li>\n\n\n\n<li>Training Course about Electronic Microscopy (Platelets) in Z\u00fcrich. Suisse.<\/li>\n\n\n\n<li>Founder of BIOTEC LAB SRL, specializing in hemostasis and thrombosis since 2008 we are working on Regenerative Medicine.<\/li>\n\n\n\n<li>President of A.U.M.R.I.T since 2014<\/li>\n\n\n\n<li>Representing of Emerging Countries for TERMIS from 2015 &#8211; 2018.<\/li>\n\n\n\n<li>Uruguayan Hematology Society. &#8211; Founding Partner \u2013 from 1982.<\/li>\n\n\n\n<li>Active Member of CLAHT Group. &#8211; From 1983 to now. National Representative from 1995 to 1998.<\/li>\n\n\n\n<li>International Society of Hematology (I.S.H). &#8211; from 1985.<\/li>\n\n\n\n<li>International Society of Thrombosis and Hemostasis (I.S.T.H) from 1983.<\/li>\n\n\n\n<li>International Who`s Who of` Professionals\u2013Honored Member from 1998.<\/li>\n\n\n\n<li>Fellow of the International Academy of Clinical and Applied Thrombosis\/Hemostasis from 2004.<\/li>\n\n\n\n<li>TERMIS membership \u2013 from 10\/08\/2012 till now.<\/li>\n\n\n\n<li>Member of I.S.C.T. (International Society of Cell Therapy) from 2014.<\/li>\n\n\n\n<li>Founder of the Uruguayan Association of Regenerative Medicine and Tissue Engineering (A.U.M.R.I.T.) at 2014.<\/li>\n\n\n\n<li>Member of T.E.R.M.I.S Board. (Tissue Engineering and Regenerative Medicine International Society) .2015-2018.<\/li>\n\n\n\n<li>Member of the Latin American Committee of T.E.R.M.I.S \u2013 A.M. 2018 \u2013 now.<\/li>\n\n\n\n<li>Member of ISSR from 2021.<\/li>\n<\/ul>\n<\/div>\n\n\n\n<hr class=\"wp-block-separator has-alpha-channel-opacity\"\/>\n\n\n\n<div class=\"wp-block-group is-layout-constrained wp-block-group-is-layout-constrained\">\n<div class=\"wp-block-columns is-layout-flex wp-container-core-columns-is-layout-28f84493 wp-block-columns-is-layout-flex\">\n<div class=\"wp-block-column is-layout-flow wp-block-column-is-layout-flow\" style=\"flex-basis:33.33%\">\n<div class=\"wp-block-cover is-light grayscale image-zoom-hover\" style=\"min-height:100%;aspect-ratio:unset;\"><span aria-hidden=\"true\" class=\"wp-block-cover__background has-background-dim\"><\/span><img loading=\"lazy\" decoding=\"async\" width=\"1200\" height=\"1600\" class=\"wp-block-cover__image-background wp-image-374\" alt=\"\" src=\"https:\/\/aumrit.org\/wp-content\/uploads\/2023\/08\/Leonardo-Salvarrey-1.jpeg\" style=\"object-position:0% 0%\" data-object-fit=\"cover\" data-object-position=\"0% 0%\" srcset=\"https:\/\/aumrit.org\/wp-content\/uploads\/2023\/08\/Leonardo-Salvarrey-1.jpeg 1200w, https:\/\/aumrit.org\/wp-content\/uploads\/2023\/08\/Leonardo-Salvarrey-1-225x300.jpeg 225w, https:\/\/aumrit.org\/wp-content\/uploads\/2023\/08\/Leonardo-Salvarrey-1-768x1024.jpeg 768w, https:\/\/aumrit.org\/wp-content\/uploads\/2023\/08\/Leonardo-Salvarrey-1-1152x1536.jpeg 1152w\" sizes=\"auto, (max-width: 1200px) 100vw, 1200px\" \/><div class=\"wp-block-cover__inner-container is-layout-flow wp-block-cover-is-layout-flow\">\n<p class=\"has-text-align-center has-large-font-size\"><\/p>\n<\/div><\/div>\n<\/div>\n\n\n\n<div class=\"wp-block-column is-layout-flow wp-block-column-is-layout-flow\" style=\"flex-basis:66.66%\">\n<h2 class=\"wp-block-heading\" id=\"secretario\">Secretario<\/h2>\n\n\n\n<p id=\"E152\">Name:<strong> Dr. Leonardo Salvarrey Saravia<\/strong><\/p>\n\n\n\n<p id=\"E156\">Address: <strong>S<\/strong><strong>iria 5808<\/strong><strong>, <\/strong><strong>11400<\/strong><strong> Montevideo, <\/strong><strong>Uruguay<\/strong><\/p>\n\n\n\n<p id=\"E165\">Phone: <strong>(+<\/strong><strong>598)<\/strong><strong> <\/strong><strong>99<\/strong><strong> <\/strong><strong>61<\/strong><strong> <\/strong><strong>03<\/strong><strong> <\/strong><strong>79<\/strong><\/p>\n\n\n\n<p id=\"E179\">E-mail: <a is=\"qowt-hyperlink\" rel=\"noreferrer noopener\" href=\"mailto:leonardo.salvarrey@gmail.com\" target=\"_blank\"><strong>leonardo.salvarrey@gmail.com<\/strong><\/a><\/p>\n<\/div>\n<\/div>\n\n\n\n<ul class=\"wp-block-list\">\n<li><strong>MEDICAL DOCTOR. M.D\u2013 1972<\/strong><\/li>\n\n\n\n<li><strong>P<\/strong><strong>ost <\/strong><strong>&#8211; <\/strong><strong>GRADUATE IN ORTHOPAEDIC &amp; TRAUMATOLOGY \u2013 1978<\/strong><\/li>\n\n\n\n<li><strong>KNEE SURGEON<\/strong><strong> \u2013 1978<\/strong><\/li>\n\n\n\n<li><strong>SPORT TRAUMATOLOGY \u2013 1978<\/strong><\/li>\n\n\n\n<li><strong>ART<\/strong><strong>ROSCOPY SURGERY &#8211; 1985<\/strong><\/li>\n\n\n\n<li><strong>Medical Traumatology L3 in Orthopaedic &amp; Traumatology National Institute de Uruguay 1978-1995 <\/strong><\/li>\n\n\n\n<li><strong>Educational <\/strong><strong>L<\/strong><strong>2<\/strong><strong> (Level)<\/strong><strong> in Orthopaedic &amp; Traumatology University of Montevideo \u2013 1978-1980<\/strong><\/li>\n\n\n\n<li><strong>Head Traumatologist in the UMS\u00b4<\/strong><strong>s Care<\/strong><strong> Center (Uruguayan\u00b4s Medic<\/strong><strong>al Syndicate) 2007 \u2013 2010<\/strong><strong>.<\/strong><strong> <\/strong><\/li>\n\n\n\n<li><strong>Medical Traumatology \u2013 Nati<\/strong><strong>onal Soccer Club <\/strong><strong>(C.N. de F. )<\/strong><strong>\u2013 1974 \u2013 <\/strong><strong>2015<\/strong><strong>.<\/strong><\/li>\n\n\n\n<li><strong>O<\/strong><strong>f<\/strong><strong>ficial Medical \u2013 Uruguayan Athletic Confederation<\/strong><strong> (C.A.U.)<\/strong><strong> \u2013 1977 \u2013 2008<\/strong><\/li>\n\n\n\n<li><strong>Medical Traum<\/strong><strong>atology \u2013 Carrasco <\/strong><strong>Lawn Tennis and <\/strong><strong>Official<\/strong><strong> Davis\u00b4s<\/strong><strong> Cup \u2013 1978 <\/strong><strong>\u2013<\/strong><strong> 1998<\/strong><strong>.<\/strong><\/li>\n\n\n\n<li><strong>Medical Traumatology \u2013 <\/strong><strong>Uruguayan <\/strong><strong>Master Athletic As<\/strong><strong>soci<\/strong><strong>ation<\/strong><strong> (ASAVUR) <\/strong><strong>\u2013 1996 <\/strong><strong>\u2013<\/strong><strong> <\/strong><strong>2015<\/strong><strong>.<\/strong><\/li>\n\n\n\n<li><strong>Member Medical &amp; Doping<\/strong><strong> <\/strong><strong>Committee<\/strong><strong> of <\/strong><strong>South American Master<\/strong><strong> Athletic<\/strong><strong> Association 2000 <\/strong><strong>\u2013<\/strong><strong> <\/strong><strong>2015<\/strong><strong>.<\/strong><\/li>\n\n\n\n<li><strong>Member Medical &amp; Doping Committee of World Master Athletic (WMA) 2001 \u2013 2015.<\/strong><\/li>\n\n\n\n<li><strong>CONGRESS<\/strong>\n<ul class=\"wp-block-list\">\n<li><strong>Expo<\/strong><strong>nent<\/strong><strong> in<\/strong><strong> 15 National Uruguayan <\/strong><strong>Congresses<\/strong><strong> O<\/strong><strong>rthopaedic &amp; Traumatology<\/strong><\/li>\n\n\n\n<li><strong>Expo<\/strong><strong>nent<\/strong><strong> in <\/strong><strong>Academic<\/strong><strong> activity in South<\/strong><strong> <\/strong><strong>American<\/strong><strong> Championship<\/strong><strong>s<\/strong><strong> 2000, 2002, 2004<\/strong><strong>, 2008<\/strong><strong>.<\/strong><\/li>\n\n\n\n<li><strong>Organizing<\/strong><strong> the 1<\/strong><strong>st For<\/strong><strong>um<\/strong><strong> of Actuality<\/strong><strong> <\/strong><strong>in<\/strong><strong> Antidoping. Montevideo Uruguay, <\/strong><strong>Jun<\/strong><strong>e<\/strong><strong> 2007.<\/strong><\/li>\n\n\n\n<li><strong>Expo<\/strong><strong>nent<\/strong><strong> in Academic activity in World Athletics Championship in Sacramento<\/strong><strong> USA<\/strong><strong> 2011.<\/strong><\/li>\n\n\n\n<li><strong>Entry<\/strong><strong> in <\/strong><strong>25 National and International Congress in Orthopaedic &amp; Traumatology<\/strong><\/li>\n\n\n\n<li><strong>Entry in 6 Nationa<\/strong><strong>l and International Congress i<\/strong><strong>n Sport Medicine<\/strong><strong>.<\/strong><\/li>\n\n\n\n<li><strong>Organizing the 1<\/strong><strong><sup>st<\/sup><\/strong><strong> Uruguayan Congress in Regenerative Medicine Mdeo<\/strong><strong>.<\/strong><strong> Uruguay 2016<\/strong><strong>.<\/strong><\/li>\n\n\n\n<li><strong>Entry in <\/strong><strong>1<\/strong><strong><sup>st<\/sup><\/strong><strong> TERMIS-AM WORKSHOP<\/strong><strong> Porto Alegre<\/strong><strong>.<\/strong><strong> Brasil<\/strong><strong>,<\/strong><strong> Julio 2018.<\/strong><\/li>\n<\/ul>\n<\/li>\n\n\n\n<li><strong>MEMBER<\/strong>\n<ul class=\"wp-block-list\">\n<li>A.U.M.R.I.T. Secretary (Uruguayan Association of Regenerative Medicine and Tissue Engineering) 2014 &#8211; till now<\/li>\n\n\n\n<li><strong>2004 \u2013 2010 <\/strong><strong>ASAVUR\u00b4s <\/strong><strong>President (<\/strong>Uruguayan\u00b4s Veterans Athletics Association)<\/li>\n\n\n\n<li><strong>2007 <\/strong><strong>CAU\u00b4s Vice President <\/strong>(Uruguayan\u00b4s Athletics Confederation)<\/li>\n\n\n\n<li><strong>2008 <\/strong><strong>CAU\u00b4s General Secretary <\/strong>(Uruguayan\u00b4s Athletics Confederation)<\/li>\n\n\n\n<li><strong>2009 \u2013 2010 <\/strong><strong>CAU\u00a8s President <\/strong>(Uruguayan\u00b4s Athletics Confederation)<\/li>\n\n\n\n<li><strong>2010-2012 <\/strong><strong>ASAVUR\u00b4s Vice President <\/strong>(Uruguayan\u00b4s veterans Athletics Association)<\/li>\n<\/ul>\n<\/li>\n<\/ul>\n<\/div>\n\n\n\n<hr class=\"wp-block-separator has-alpha-channel-opacity\"\/>\n\n\n\n<div class=\"wp-block-group is-layout-constrained wp-block-group-is-layout-constrained\">\n<div class=\"wp-block-columns is-layout-flex wp-container-core-columns-is-layout-28f84493 wp-block-columns-is-layout-flex\">\n<div class=\"wp-block-column is-layout-flow wp-block-column-is-layout-flow\" style=\"flex-basis:33.33%\">\n<div class=\"wp-block-cover grayscale image-zoom-hover\" style=\"min-height:306px;aspect-ratio:unset;\"><span aria-hidden=\"true\" class=\"wp-block-cover__background has-background-dim\"><\/span><img loading=\"lazy\" decoding=\"async\" width=\"1920\" height=\"2560\" class=\"wp-block-cover__image-background wp-image-381\" alt=\"\" src=\"https:\/\/aumrit.org\/wp-content\/uploads\/2023\/08\/IMG_20230810_195336-scaled.jpg\" style=\"object-position:100% 0%\" data-object-fit=\"cover\" data-object-position=\"100% 0%\" srcset=\"https:\/\/aumrit.org\/wp-content\/uploads\/2023\/08\/IMG_20230810_195336-scaled.jpg 1920w, https:\/\/aumrit.org\/wp-content\/uploads\/2023\/08\/IMG_20230810_195336-225x300.jpg 225w, https:\/\/aumrit.org\/wp-content\/uploads\/2023\/08\/IMG_20230810_195336-768x1024.jpg 768w, https:\/\/aumrit.org\/wp-content\/uploads\/2023\/08\/IMG_20230810_195336-1152x1536.jpg 1152w, https:\/\/aumrit.org\/wp-content\/uploads\/2023\/08\/IMG_20230810_195336-1536x2048.jpg 1536w\" sizes=\"auto, (max-width: 1920px) 100vw, 1920px\" \/><div class=\"wp-block-cover__inner-container is-layout-flow wp-block-cover-is-layout-flow\">\n<p class=\"has-text-align-center has-large-font-size\"><\/p>\n<\/div><\/div>\n<\/div>\n\n\n\n<div class=\"wp-block-column is-layout-flow wp-block-column-is-layout-flow\" style=\"flex-basis:66.66%\">\n<h2 class=\"wp-block-heading\" id=\"elenafontana\">Tesorera<\/h2>\n\n\n\n<p id=\"E152\">Name:<strong> <strong>Elena Ibis Fontana Ribolla<\/strong><\/strong><\/p>\n\n\n\n<p id=\"E156\">Phone: 098 117 011<\/p>\n\n\n\n<p>E-mail: <a href=\"mailto:elenafontanaribolla@gmail.com\" target=\"_blank\" rel=\"noreferrer noopener\">elenafontanaribolla@gmail.com<\/a><\/p>\n<\/div>\n<\/div>\n\n\n\n<ul class=\"wp-block-list\">\n<li>Odont\u00f3loga<\/li>\n\n\n\n<li>Posgrado en Ortodoncia<\/li>\n\n\n\n<li>Integrante de la Sociedad Odontol\u00f3gica del Uruguay<\/li>\n\n\n\n<li>Miembro fundador de A.U.M.R.I.T.<\/li>\n\n\n\n<li>Miembro de la ONG E.M.A.U.S.<\/li>\n\n\n\n<li>Trabaj\u00f3 6 a\u00f1os en el policl\u00ednico de E.M.A.U.S.<\/li>\n\n\n\n<li>Trabaj\u00f3 como prevencionista dental en ni\u00f1os en la Universidad de Santiago de Chile<\/li>\n\n\n\n<li>Trabaj\u00f3 sobre tabaquismo y sus secuelas a nivel bucal<\/li>\n\n\n\n<li>Trabaj\u00f3 25 a\u00f1os en prevencionismo dental bucal en zonas de contexto cr\u00edtico social y en el I.N.A.U.<\/li>\n\n\n\n<li>Ha trabajado 40 a\u00f1os en el ejercicio independiente de su profesi\u00f3n<\/li>\n\n\n\n<li>Hobby: organiza el Museo de &#8220;Lo Eterno Femenino&#8221;<\/li>\n<\/ul>\n<\/div>\n\n\n\n<hr class=\"wp-block-separator has-alpha-channel-opacity\"\/>\n","protected":false},"excerpt":{"rendered":"<p>Presidente Name: Mar\u00eda Margarita Garc\u00eda Rizzo. Phone: +598-29 08 7933 (home) E-mail: maggie.garciarizzo@gmail.com Address: Rambla [&hellip;]<\/p>\n","protected":false},"author":1,"featured_media":0,"parent":18,"menu_order":10,"comment_status":"closed","ping_status":"closed","template":"","meta":{"footnotes":""},"class_list":["post-95","page","type-page","status-publish","hentry"],"_links":{"self":[{"href":"https:\/\/aumrit.org\/index.php?rest_route=\/wp\/v2\/pages\/95","targetHints":{"allow":["GET"]}}],"collection":[{"href":"https:\/\/aumrit.org\/index.php?rest_route=\/wp\/v2\/pages"}],"about":[{"href":"https:\/\/aumrit.org\/index.php?rest_route=\/wp\/v2\/types\/page"}],"author":[{"embeddable":true,"href":"https:\/\/aumrit.org\/index.php?rest_route=\/wp\/v2\/users\/1"}],"replies":[{"embeddable":true,"href":"https:\/\/aumrit.org\/index.php?rest_route=%2Fwp%2Fv2%2Fcomments&post=95"}],"version-history":[{"count":19,"href":"https:\/\/aumrit.org\/index.php?rest_route=\/wp\/v2\/pages\/95\/revisions"}],"predecessor-version":[{"id":404,"href":"https:\/\/aumrit.org\/index.php?rest_route=\/wp\/v2\/pages\/95\/revisions\/404"}],"up":[{"embeddable":true,"href":"https:\/\/aumrit.org\/index.php?rest_route=\/wp\/v2\/pages\/18"}],"wp:attachment":[{"href":"https:\/\/aumrit.org\/index.php?rest_route=%2Fwp%2Fv2%2Fmedia&parent=95"}],"curies":[{"name":"wp","href":"https:\/\/api.w.org\/{rel}","templated":true}]}}