{"id":97,"date":"2023-06-02T00:18:17","date_gmt":"2023-06-02T00:18:17","guid":{"rendered":"https:\/\/aumrit.org\/?page_id=97"},"modified":"2023-08-15T14:57:25","modified_gmt":"2023-08-15T14:57:25","slug":"fiscales","status":"publish","type":"page","link":"https:\/\/aumrit.org\/?page_id=97","title":{"rendered":"Fiscales"},"content":{"rendered":"\n<div class=\"wp-block-group is-layout-constrained wp-block-group-is-layout-constrained\">\n<div class=\"wp-block-columns is-layout-flex wp-container-core-columns-is-layout-28f84493 wp-block-columns-is-layout-flex\">\n<div class=\"wp-block-column is-layout-flow wp-block-column-is-layout-flow\" style=\"flex-basis:33.33%\">\n<div class=\"wp-block-cover grayscale image-zoom-hover\" style=\"min-height:300px;aspect-ratio:unset;\"><span aria-hidden=\"true\" class=\"wp-block-cover__background has-background-dim\"><\/span><img loading=\"lazy\" decoding=\"async\" width=\"1204\" height=\"1600\" class=\"wp-block-cover__image-background wp-image-233\" alt=\"\" src=\"https:\/\/aumrit.org\/wp-content\/uploads\/2023\/07\/WhatsApp-Image-2023-07-11-at-16.49.09.jpeg\" style=\"object-position:50% 0%\" data-object-fit=\"cover\" data-object-position=\"50% 0%\" srcset=\"https:\/\/aumrit.org\/wp-content\/uploads\/2023\/07\/WhatsApp-Image-2023-07-11-at-16.49.09.jpeg 1204w, https:\/\/aumrit.org\/wp-content\/uploads\/2023\/07\/WhatsApp-Image-2023-07-11-at-16.49.09-226x300.jpeg 226w, https:\/\/aumrit.org\/wp-content\/uploads\/2023\/07\/WhatsApp-Image-2023-07-11-at-16.49.09-771x1024.jpeg 771w, https:\/\/aumrit.org\/wp-content\/uploads\/2023\/07\/WhatsApp-Image-2023-07-11-at-16.49.09-768x1021.jpeg 768w, https:\/\/aumrit.org\/wp-content\/uploads\/2023\/07\/WhatsApp-Image-2023-07-11-at-16.49.09-1156x1536.jpeg 1156w\" sizes=\"auto, (max-width: 1204px) 100vw, 1204px\" \/><div class=\"wp-block-cover__inner-container is-layout-flow wp-block-cover-is-layout-flow\">\n<p class=\"has-text-align-center has-large-font-size\"><\/p>\n<\/div><\/div>\n<\/div>\n\n\n\n<div class=\"wp-block-column is-layout-flow wp-block-column-is-layout-flow\" style=\"flex-basis:66.66%\">\n<h2 class=\"wp-block-heading\" id=\"edisonfontana\">Edison Fontana Ribolla<\/h2>\n\n\n\n<p>Name: Edison Fontana Ribolla<\/p>\n\n\n\n<p id=\"E190\">E-mail: <a href=\"mailto:fontana_estetica@hotmail.com\">fontana_estetica@hotmail.com<\/a><\/p>\n\n\n\n<p>Phone: 091 90 60 90<\/p>\n\n\n\n<p>Address: Pte. Berro 2650, Ap. 103 Tower 3, Montevideo<\/p>\n<\/div>\n<\/div>\n\n\n\n<ul class=\"wp-block-list\">\n<li>Medical Doctor. Faculty of Medicine of the University Oriental Republic of Uruguay, Montevideo<\/li>\n\n\n\n<li>I have dedicated myself, researched and trained in Aesthetic Medicine and Stem Cells providing high quality treatments to improve the physical appearance and health of patients.<\/li>\n\n\n\n<li>In addition to medical training, I have vast experience in the field of Aesthetic Medicine in techniques with non-invasive treatments.<\/li>\n\n\n\n<li>Training 2014<\/li>\n\n\n\n<li>Stem Cell Training &#8211; Stem Cell Specialty<\/li>\n\n\n\n<li>Laboratory of Professor Gustavo Moviglia.<\/li>\n\n\n\n<li>Maimonides University of the City of Buenos Aires. 1997<\/li>\n\n\n\n<li>Superior Course of Aesthetic Medicine. Argentine Medical Association &#8211; Argentine University &#8211; John. F Kennedy. 1982<\/li>\n\n\n\n<li>Founder Member of A.U.M.R.I.T.<\/li>\n\n\n\n<li>Labor History<\/li>\n\n\n\n<li>Independent General Practitioner from MAY 1982<\/li>\n<\/ul>\n<\/div>\n\n\n\n<hr class=\"wp-block-separator has-alpha-channel-opacity\"\/>\n\n\n\n<div class=\"wp-block-group is-layout-constrained wp-block-group-is-layout-constrained\">\n<div class=\"wp-block-columns is-layout-flex wp-container-core-columns-is-layout-28f84493 wp-block-columns-is-layout-flex\">\n<div class=\"wp-block-column is-layout-flow wp-block-column-is-layout-flow\" style=\"flex-basis:33.33%\">\n<div class=\"wp-block-cover is-light grayscale image-zoom-hover\" style=\"min-height:300px;aspect-ratio:unset;\"><span aria-hidden=\"true\" class=\"wp-block-cover__background has-background-dim\"><\/span><img loading=\"lazy\" decoding=\"async\" width=\"1536\" height=\"2040\" class=\"wp-block-cover__image-background wp-image-220\" alt=\"\" src=\"https:\/\/aumrit.org\/wp-content\/uploads\/2023\/07\/WhatsApp-Image-2023-07-05-at-16.45.43.jpeg\" style=\"object-position:50% 33%\" data-object-fit=\"cover\" data-object-position=\"50% 33%\" srcset=\"https:\/\/aumrit.org\/wp-content\/uploads\/2023\/07\/WhatsApp-Image-2023-07-05-at-16.45.43.jpeg 1536w, https:\/\/aumrit.org\/wp-content\/uploads\/2023\/07\/WhatsApp-Image-2023-07-05-at-16.45.43-226x300.jpeg 226w, https:\/\/aumrit.org\/wp-content\/uploads\/2023\/07\/WhatsApp-Image-2023-07-05-at-16.45.43-771x1024.jpeg 771w, https:\/\/aumrit.org\/wp-content\/uploads\/2023\/07\/WhatsApp-Image-2023-07-05-at-16.45.43-768x1020.jpeg 768w, https:\/\/aumrit.org\/wp-content\/uploads\/2023\/07\/WhatsApp-Image-2023-07-05-at-16.45.43-1157x1536.jpeg 1157w\" sizes=\"auto, (max-width: 1536px) 100vw, 1536px\" \/><div class=\"wp-block-cover__inner-container is-layout-flow wp-block-cover-is-layout-flow\">\n<p class=\"has-text-align-center has-large-font-size\"><\/p>\n<\/div><\/div>\n<\/div>\n\n\n\n<div class=\"wp-block-column is-layout-flow wp-block-column-is-layout-flow\" style=\"flex-basis:66.66%\">\n<h2 class=\"wp-block-heading\" id=\"pedrocladera\">Pedro Cladera<\/h2>\n\n\n\n<p>Name: Pedro Jos\u00e9 Cladera Ant\u00fanez<\/p>\n\n\n\n<p id=\"E190\">E-mail: <a rel=\"noreferrer noopener\" href=\"mailto:dra.elbalopez@gmail.com\" target=\"_blank\">cladera.pedro@gmail.com<\/a><\/p>\n<\/div>\n<\/div>\n\n\n\n<ul class=\"wp-block-list\">\n<li>Laboratorista Especializado en Hematolog\u00eda (Enero\/81)<\/li>\n\n\n\n<li>Doctor en Medicina<\/li>\n\n\n\n<li>Especialista en Laboratorio Cl\u00ednico<\/li>\n\n\n\n<li>Especialista en Gesti\u00f3n de Servicios de Salud<\/li>\n\n\n\n<li>Centro Hospitalario Pereira Rossell:<\/li>\n\n\n\n<li>Director T\u00e9cnico. del Dpto. de Patolog\u00eda Cl\u00ednica (08\/2004-a la fecha)<\/li>\n\n\n\n<li>Facultad de Medicina\n<ul class=\"wp-block-list\">\n<li>1991-1997.- Asistente de Laboratorio GII Cat. Laboratorio Cl\u00ednico\n<ul class=\"wp-block-list\">\n<li>Especializado en Inmunolog\u00eda<\/li>\n<\/ul>\n<\/li>\n\n\n\n<li>2007-2015.- Profesor Adjunto de Laboratorio GIII Cat. Laboratorio Cl\u00ednico \n<ul class=\"wp-block-list\">\n<li>Especializado en Bioqu\u00edmica<\/li>\n<\/ul>\n<\/li>\n<\/ul>\n<\/li>\n\n\n\n<li>Biotec SRL Cl\u00ednica y Laboratorio 2006-\u2026\u2026\u2026.- Director T\u00e9cnico<\/li>\n\n\n\n<li>Otras Actividades:\n\n\n\n\n\n\n\n\n\n\n\n\n<ul class=\"wp-block-list\">\n<li>Docente Responsable del Practicantado Obligatorio de la carrera de Bioqu\u00edmica Cl\u00ednica. Facultad de Qu\u00edmica (desde 2004 a la fecha).<\/li>\n<\/ul>\n\n\n\n<ul class=\"wp-block-list\">\n<li>Integrante de Tribunales de Residentado de Laboratorio Cl\u00ednico (05 y 06)<\/li>\n\n\n\n<li>Tareas de Apoyo y Coordinaci\u00f3n con MSP para pasant\u00edas de Internado de carrera de Licenciados en Laboratorio Cl\u00ednico ETM (2000 a la fecha)<\/li>\n<\/ul>\n<\/li>\n<\/ul>\n<\/div>\n\n\n\n<hr class=\"wp-block-separator has-alpha-channel-opacity\"\/>\n\n\n\n<div class=\"wp-block-group is-layout-constrained wp-block-group-is-layout-constrained\">\n<div class=\"wp-block-columns is-layout-flex wp-container-core-columns-is-layout-28f84493 wp-block-columns-is-layout-flex\">\n<div class=\"wp-block-column is-layout-flow wp-block-column-is-layout-flow\" style=\"flex-basis:33.33%\">\n<div class=\"wp-block-cover grayscale image-zoom-hover\" style=\"min-height:300px;aspect-ratio:unset;\"><span aria-hidden=\"true\" class=\"wp-block-cover__background has-background-dim\"><\/span><img loading=\"lazy\" decoding=\"async\" width=\"1920\" height=\"2560\" class=\"wp-block-cover__image-background wp-image-383\" alt=\"\" src=\"https:\/\/aumrit.org\/wp-content\/uploads\/2023\/08\/IMG_20230810_200331-scaled.jpg\" style=\"object-position:0% 0%\" data-object-fit=\"cover\" data-object-position=\"0% 0%\" srcset=\"https:\/\/aumrit.org\/wp-content\/uploads\/2023\/08\/IMG_20230810_200331-scaled.jpg 1920w, https:\/\/aumrit.org\/wp-content\/uploads\/2023\/08\/IMG_20230810_200331-225x300.jpg 225w, https:\/\/aumrit.org\/wp-content\/uploads\/2023\/08\/IMG_20230810_200331-768x1024.jpg 768w, https:\/\/aumrit.org\/wp-content\/uploads\/2023\/08\/IMG_20230810_200331-1152x1536.jpg 1152w, https:\/\/aumrit.org\/wp-content\/uploads\/2023\/08\/IMG_20230810_200331-1536x2048.jpg 1536w\" sizes=\"auto, (max-width: 1920px) 100vw, 1920px\" \/><div class=\"wp-block-cover__inner-container is-layout-flow wp-block-cover-is-layout-flow\">\n<p class=\"has-text-align-center has-large-font-size\"><\/p>\n<\/div><\/div>\n<\/div>\n\n\n\n<div class=\"wp-block-column is-layout-flow wp-block-column-is-layout-flow\" style=\"flex-basis:66.66%\">\n<h2 class=\"wp-block-heading\" id=\"manuelbaruch\">Manuel Baruch<\/h2>\n\n\n\n<p>Name: Manuel Baruch<\/p>\n\n\n\n<p id=\"E190\">E-mail: <a href=\"mailto:manuel@vera.com.uy\">manuel@vera.com.uy<\/a><\/p>\n\n\n\n<p>Phone: <\/p>\n<\/div>\n<\/div>\n\n\n\n<ul class=\"wp-block-list\">\n<li>Doctor of Veterinary Medicine<\/li>\n\n\n\n<li>He has worked for 5 years in the Department of Microbiology and published a first article on resistance to antibiotics in isolates of Staphylococcus spp. In 1983 he began to work on cell cultures for virology, initially with BHK-21 for Foot-and-Mouth virus and later at the University of Buenos Aires with Vero cells for the diagnosis of Jun\u00edn Virus.&nbsp;<\/li>\n\n\n\n<li>Between 1988 and 1995, hired as Senior Technician by UNDP in Southern Africa.<\/li>\n\n\n\n<li>Organizes laboratories and trains personnel for Trypanosomiasis, Malaria, Cholera and AIDS.<\/li>\n\n\n\n<li>In 1996, back in Uruguay, he established a clinical diagnostic laboratory that later incorporated the development of protocols for ecotoxicity bioassays.<\/li>\n\n\n\n<li>In 2015, it joined the Network of Environmental Laboratories (RLAU) of the current Ministry of the Environment, specializing in environmental audits through ecotoxicity tests.<\/li>\n<\/ul>\n<\/div>\n","protected":false},"excerpt":{"rendered":"<p>Edison Fontana Ribolla Name: Edison Fontana Ribolla E-mail: fontana_estetica@hotmail.com Phone: 091 90 60 90 Address: [&hellip;]<\/p>\n","protected":false},"author":1,"featured_media":0,"parent":18,"menu_order":20,"comment_status":"closed","ping_status":"closed","template":"","meta":{"footnotes":""},"class_list":["post-97","page","type-page","status-publish","hentry"],"_links":{"self":[{"href":"https:\/\/aumrit.org\/index.php?rest_route=\/wp\/v2\/pages\/97","targetHints":{"allow":["GET"]}}],"collection":[{"href":"https:\/\/aumrit.org\/index.php?rest_route=\/wp\/v2\/pages"}],"about":[{"href":"https:\/\/aumrit.org\/index.php?rest_route=\/wp\/v2\/types\/page"}],"author":[{"embeddable":true,"href":"https:\/\/aumrit.org\/index.php?rest_route=\/wp\/v2\/users\/1"}],"replies":[{"embeddable":true,"href":"https:\/\/aumrit.org\/index.php?rest_route=%2Fwp%2Fv2%2Fcomments&post=97"}],"version-history":[{"count":14,"href":"https:\/\/aumrit.org\/index.php?rest_route=\/wp\/v2\/pages\/97\/revisions"}],"predecessor-version":[{"id":387,"href":"https:\/\/aumrit.org\/index.php?rest_route=\/wp\/v2\/pages\/97\/revisions\/387"}],"up":[{"embeddable":true,"href":"https:\/\/aumrit.org\/index.php?rest_route=\/wp\/v2\/pages\/18"}],"wp:attachment":[{"href":"https:\/\/aumrit.org\/index.php?rest_route=%2Fwp%2Fv2%2Fmedia&parent=97"}],"curies":[{"name":"wp","href":"https:\/\/api.w.org\/{rel}","templated":true}]}}