{"id":99,"date":"2023-06-02T00:18:27","date_gmt":"2023-06-02T00:18:27","guid":{"rendered":"https:\/\/aumrit.org\/?page_id=99"},"modified":"2025-01-16T14:40:40","modified_gmt":"2025-01-16T14:40:40","slug":"vocales","status":"publish","type":"page","link":"https:\/\/aumrit.org\/?page_id=99","title":{"rendered":"Vocales"},"content":{"rendered":"\n<div class=\"wp-block-group is-layout-constrained wp-block-group-is-layout-constrained\">\n<div class=\"wp-block-columns is-layout-flex wp-container-core-columns-is-layout-28f84493 wp-block-columns-is-layout-flex\">\n<div class=\"wp-block-column is-layout-flow wp-block-column-is-layout-flow\" style=\"flex-basis:33.33%\">\n<div class=\"wp-block-cover grayscale image-zoom-hover\" style=\"min-height:300px;aspect-ratio:unset;\"><span aria-hidden=\"true\" class=\"wp-block-cover__background has-background-dim\"><\/span><img loading=\"lazy\" decoding=\"async\" width=\"1200\" height=\"1600\" class=\"wp-block-cover__image-background wp-image-215\" alt=\"\" src=\"https:\/\/aumrit.org\/wp-content\/uploads\/2023\/07\/WhatsApp-Image-2023-06-30-at-22.54.23.jpeg\" style=\"object-position:40% 40%\" data-object-fit=\"cover\" data-object-position=\"40% 40%\" srcset=\"https:\/\/aumrit.org\/wp-content\/uploads\/2023\/07\/WhatsApp-Image-2023-06-30-at-22.54.23.jpeg 1200w, https:\/\/aumrit.org\/wp-content\/uploads\/2023\/07\/WhatsApp-Image-2023-06-30-at-22.54.23-225x300.jpeg 225w, https:\/\/aumrit.org\/wp-content\/uploads\/2023\/07\/WhatsApp-Image-2023-06-30-at-22.54.23-768x1024.jpeg 768w, https:\/\/aumrit.org\/wp-content\/uploads\/2023\/07\/WhatsApp-Image-2023-06-30-at-22.54.23-1152x1536.jpeg 1152w\" sizes=\"auto, (max-width: 1200px) 100vw, 1200px\" \/><div class=\"wp-block-cover__inner-container is-layout-flow wp-block-cover-is-layout-flow\">\n<p class=\"has-text-align-center has-large-font-size\"><\/p>\n<\/div><\/div>\n<\/div>\n\n\n\n<div class=\"wp-block-column is-layout-flow wp-block-column-is-layout-flow\" style=\"flex-basis:66.66%\">\n<h2 class=\"wp-block-heading\" id=\"elbalopez\">Vocal<\/h2>\n\n\n\n<p>Name: Elba Mar\u00eda L\u00f3pez Betancur<\/p>\n\n\n\n<p id=\"E188\">Phone: +598-92 68 31 68<\/p>\n\n\n\n<p id=\"E190\">E-mail: <a href=\"mailto:dra.elbalopez@gmail.com\" target=\"_blank\" rel=\"noreferrer noopener\">dra.elbalopez@gmail.com<\/a><\/p>\n\n\n\n<p id=\"E195\">Address: 4 de Julio 3138. Montevideo, Uruguay<\/p>\n<\/div>\n<\/div>\n\n\n\n<ul class=\"wp-block-list\">\n<li>Doctor of Medicine, Universidad de La Rep\u00fablica, 1985<\/li>\n\n\n\n<li>Specialization in Acupuncture, MTCH, and other specific styles<\/li>\n\n\n\n<li>Treatment of pain and other pathologies at China Medical College, China, with Prof. Wang Yu and others.<\/li>\n\n\n\n<li>Yamamoto&amp;39; Scalp Acupuncture with Dr. A. Yoshuzumi and Dr. Ruy Tanikawa.<\/li>\n\n\n\n<li>Auriculotherapy and Chromoauriculotherapy in psychic trauma<\/li>\n\n\n\n<li>Posturology with Neurostab with Dr. Nogier, Dr. Asis, and Dr. Marignan<\/li>\n\n\n\n<li>Homeopathic medicine graduate from AMHU in 1990.<\/li>\n\n\n\n<li>Teacher of Traditional Chinese Acupuncture at Hospital Maciel in 1982 and 1994.<\/li>\n\n\n\n<li>Systemic Family Therapist, former member of E.TE.FA., a family therapy team at Hospital de Cl\u00ednicas.<\/li>\n\n\n\n<li>Facilitator Training. Certificate of Completion from the EMDR Institute. (U.S.A.)<\/li>\n\n\n\n<li>Therapist in Brain Integration Techniques. Brain Gym Etc.<\/li>\n\n\n\n<li>Cromopsychotherapy.<\/li>\n\n\n\n<li>President of the Uruguayan Association of Floral Medicine 1985-1995.<\/li>\n\n\n\n<li>Member of SUEN (Uruguayan Society of Endocannabinoid Medicine).<\/li>\n\n\n\n<li>Private practice in the profession, acupuncture, individual therapy, systemic family therapy, and group dynamics since 1985 to date.<\/li>\n\n\n\n<li>Continuous teaching of Scalp Acupuncture, and group dynamics in workshops and immersion courses in Uruguay, Mexico, Argentina, and President of the Uruguayan Association of Floral Medicine in 1985-1995 <\/li>\n\n\n\n<li>Coordinator at Radio Sarand\u00ed for transformations in the field of health prevention and anti-stress groups in 2001-2005.<\/li>\n\n\n\n<li>Member of SUEN (Uruguayan Society of Endocannabinoid Medicine).<\/li>\n\n\n\n<li>Continuous teaching of Scalp Acupuncture, Floral Medicine, and group dynamics in workshops and immersion courses in Uruguay, Mexico, Argentina, and Italy (Venice)<\/li>\n<\/ul>\n<\/div>\n\n\n\n<hr class=\"wp-block-separator has-alpha-channel-opacity\"\/>\n\n\n\n<div class=\"wp-block-group is-layout-constrained wp-block-group-is-layout-constrained\">\n<div class=\"wp-block-columns is-layout-flex wp-container-core-columns-is-layout-28f84493 wp-block-columns-is-layout-flex\">\n<div class=\"wp-block-column is-layout-flow wp-block-column-is-layout-flow\" style=\"flex-basis:33.33%\">\n<div class=\"wp-block-cover is-light grayscale image-zoom-hover\" style=\"min-height:300px;aspect-ratio:unset;\"><span aria-hidden=\"true\" class=\"wp-block-cover__background has-background-dim\"><\/span><img loading=\"lazy\" decoding=\"async\" width=\"1920\" height=\"1118\" class=\"wp-block-cover__image-background wp-image-315\" alt=\"\" src=\"https:\/\/aumrit.org\/wp-content\/uploads\/2023\/07\/feature-banner.jpg\" style=\"object-position:86% 0%\" data-object-fit=\"cover\" data-object-position=\"86% 0%\" srcset=\"https:\/\/aumrit.org\/wp-content\/uploads\/2023\/07\/feature-banner.jpg 1920w, https:\/\/aumrit.org\/wp-content\/uploads\/2023\/07\/feature-banner-300x175.jpg 300w, https:\/\/aumrit.org\/wp-content\/uploads\/2023\/07\/feature-banner-1024x596.jpg 1024w, https:\/\/aumrit.org\/wp-content\/uploads\/2023\/07\/feature-banner-768x447.jpg 768w, https:\/\/aumrit.org\/wp-content\/uploads\/2023\/07\/feature-banner-1536x894.jpg 1536w\" sizes=\"auto, (max-width: 1920px) 100vw, 1920px\" \/><div class=\"wp-block-cover__inner-container is-layout-flow wp-block-cover-is-layout-flow\">\n<p class=\"has-text-align-center has-large-font-size\"><\/p>\n<\/div><\/div>\n<\/div>\n\n\n\n<div class=\"wp-block-column is-layout-flow wp-block-column-is-layout-flow\" style=\"flex-basis:66.66%\">\n<h2 class=\"wp-block-heading\" id=\"jonathancontardi\">Vocal<\/h2>\n\n\n\n<p>Name: Ludwing Jonathan Contardi Derigo<\/p>\n\n\n\n<p id=\"E188\">Phone: +598-099 626 588<\/p>\n\n\n\n<p id=\"E190\">E-mail: <a href=\"mailto:jcontardi@gmail.com\" target=\"_blank\" rel=\"noreferrer noopener\">jcontardi@gmail.com<\/a><\/p>\n\n\n\n<p id=\"E195\"><\/p>\n<\/div>\n<\/div>\n\n\n\n<ul class=\"wp-block-list\">\n<li>Dr. en Medicina; Universidad de la Rep\u00fablica; egresado en julio del 2002. Folio 734 N\u00ba 21996 \/UDELAR Folio 157 N\u00ba 310<\/li>\n\n\n\n<li>Especialista en \u201cMedicina del Deporte y del Ejercicio\u201d<\/li>\n\n\n\n<li>Especialista en \u201cEMERGENTOLOG\u00cdA\u201d<\/li>\n\n\n\n<li>Especializado en Medicinas Regenerativas y Terapias del Dolor.<\/li>\n\n\n\n<li>Post grado en Epidemiolog\u00eda. Facultad de Medicina UdelaR<\/li>\n\n\n\n<li>Integrante AUMRI: Asociaci\u00f3n Uruguaya de Medicinas Regenerativas e Ingenier\u00eda de Tejidos.<\/li>\n\n\n\n<li>Integrante de la Asociaci\u00f3n Uruguaya de Medicina del Deporte<\/li>\n<\/ul>\n<\/div>\n\n\n\n<hr class=\"wp-block-separator has-alpha-channel-opacity\"\/>\n\n\n\n<div class=\"wp-block-group is-layout-constrained wp-block-group-is-layout-constrained\">\n<div class=\"wp-block-columns is-layout-flex wp-container-core-columns-is-layout-28f84493 wp-block-columns-is-layout-flex\">\n<div class=\"wp-block-column is-layout-flow wp-block-column-is-layout-flow\" style=\"flex-basis:33.33%\">\n<div class=\"wp-block-cover is-light grayscale image-zoom-hover\" style=\"min-height:300px;aspect-ratio:unset;\"><span aria-hidden=\"true\" class=\"wp-block-cover__background has-background-dim\"><\/span><img loading=\"lazy\" decoding=\"async\" width=\"1278\" height=\"1704\" class=\"wp-block-cover__image-background wp-image-405\" alt=\"\" src=\"https:\/\/aumrit.org\/wp-content\/uploads\/2023\/08\/Daniel-Mulhetalher.jpg\" data-object-fit=\"cover\" srcset=\"https:\/\/aumrit.org\/wp-content\/uploads\/2023\/08\/Daniel-Mulhetalher.jpg 1278w, https:\/\/aumrit.org\/wp-content\/uploads\/2023\/08\/Daniel-Mulhetalher-225x300.jpg 225w, https:\/\/aumrit.org\/wp-content\/uploads\/2023\/08\/Daniel-Mulhetalher-768x1024.jpg 768w, https:\/\/aumrit.org\/wp-content\/uploads\/2023\/08\/Daniel-Mulhetalher-1152x1536.jpg 1152w\" sizes=\"auto, (max-width: 1278px) 100vw, 1278px\" \/><div class=\"wp-block-cover__inner-container is-layout-flow wp-block-cover-is-layout-flow\">\n<p class=\"has-text-align-center has-large-font-size\"><\/p>\n<\/div><\/div>\n<\/div>\n\n\n\n<div class=\"wp-block-column is-layout-flow wp-block-column-is-layout-flow\" style=\"flex-basis:66.66%\">\n<h2 class=\"wp-block-heading\" id=\"danielmuhlethaler\">Vocal<\/h2>\n\n\n\n<p>Name: Randolfo Daniel Muhlethaler Zagia<\/p>\n\n\n\n<p id=\"E188\">Phone: 099 224 648<\/p>\n\n\n\n<p id=\"E190\">E-mail: <a href=\"mailto:dmuhlethaler@gmail.com\" target=\"_blank\" rel=\"noreferrer noopener\">dmuhlethaler@gmail.com<\/a><\/p>\n\n\n\n<p id=\"E195\">Fecha de nacimiento: 11 de noviembre de 1959<\/p>\n<\/div>\n<\/div>\n\n\n\n<p>Con profundo pesar la Asociaci\u00f3n Uruguaya de Medicina Regenerativa e Ingenier\u00eda de Tejidos (AUMRIT) recuerda a nuestro querido colega y socio activo, quien nos dej\u00f3 el 31 de agosto de 2024.<\/p>\n\n\n\n<p>Adem\u00e1s de sus logros profesionales, Daniel seguir\u00e1 en el recuerdo de todos por su calidez humana, su generosidad y su disposici\u00f3n para ayudar a sus colegas. Era un mentor excepcional y un amigo leal.<\/p>\n\n\n\n<p>AUMRIT extiende sus m\u00e1s sinceras condolencias a la familia y seres queridos en estos momentos dif\u00edciles. Perdurar\u00e1 en la memoria de todos quienes tuvieron el privilegio de conocerlo y trabajar junto a \u00e9l.<\/p>\n\n\n\n<p>Descansa en paz, querido Daniel. Tu dedicaci\u00f3n y esp\u00edritu vivir\u00e1 por siempre en nuestros corazones y en el trabajo que continuaremos realizando en tu honor.<\/p>\n\n\n\n<div style=\"height:31px\" aria-hidden=\"true\" class=\"wp-block-spacer\"><\/div>\n\n\n\n<ul class=\"wp-block-list\">\n<li>EGRESADO DE LA FACULTAD DE MEDICINA, DE LA REP\u00daBLICA ORIENTAL DEL URUGUAY EN 1987<\/li>\n\n\n\n<li>EGRESADO, T\u00c9CNICO EN LABORATORIO DE AN\u00c1LISIS CL\u00cdNICOS<\/li>\n\n\n\n<li>CURSADO, T\u00c9CNICO EN NEUMOCARDIOLOG\u00cdA<\/li>\n\n\n\n<li>POSGRADO EN PEDIATR\u00cdA<\/li>\n\n\n\n<li>FORMACI\u00d3N EN MEDICINA EST\u00c9TICA EN EL A\u00d1O 2000, DE LA UNIVERSIDAD ABIERTA INTERAMERICANA DE BUENOS AIRES.<\/li>\n\n\n\n<li>DOCENTE DE MEDICINA EST\u00c9TICA DE LA ASIME.<\/li>\n\n\n\n<li>PRESIDENTE DE LA ASIME PARA AM\u00c9RICA DEL SUR.<\/li>\n\n\n\n<li>MIEMBRO DE LA ASOCIACI\u00d3N URUGUAYA DE MEDICINA REGENERATIVA E INGENIER\u00cdA DE TEJIDOS (A.U.M.R.I.T.).<\/li>\n<\/ul>\n<\/div>\n","protected":false},"excerpt":{"rendered":"<p>Vocal Name: Elba Mar\u00eda L\u00f3pez Betancur Phone: +598-92 68 31 68 E-mail: dra.elbalopez@gmail.com Address: 4 [&hellip;]<\/p>\n","protected":false},"author":1,"featured_media":0,"parent":18,"menu_order":30,"comment_status":"closed","ping_status":"closed","template":"","meta":{"footnotes":""},"class_list":["post-99","page","type-page","status-publish","hentry"],"_links":{"self":[{"href":"https:\/\/aumrit.org\/index.php?rest_route=\/wp\/v2\/pages\/99","targetHints":{"allow":["GET"]}}],"collection":[{"href":"https:\/\/aumrit.org\/index.php?rest_route=\/wp\/v2\/pages"}],"about":[{"href":"https:\/\/aumrit.org\/index.php?rest_route=\/wp\/v2\/types\/page"}],"author":[{"embeddable":true,"href":"https:\/\/aumrit.org\/index.php?rest_route=\/wp\/v2\/users\/1"}],"replies":[{"embeddable":true,"href":"https:\/\/aumrit.org\/index.php?rest_route=%2Fwp%2Fv2%2Fcomments&post=99"}],"version-history":[{"count":14,"href":"https:\/\/aumrit.org\/index.php?rest_route=\/wp\/v2\/pages\/99\/revisions"}],"predecessor-version":[{"id":468,"href":"https:\/\/aumrit.org\/index.php?rest_route=\/wp\/v2\/pages\/99\/revisions\/468"}],"up":[{"embeddable":true,"href":"https:\/\/aumrit.org\/index.php?rest_route=\/wp\/v2\/pages\/18"}],"wp:attachment":[{"href":"https:\/\/aumrit.org\/index.php?rest_route=%2Fwp%2Fv2%2Fmedia&parent=99"}],"curies":[{"name":"wp","href":"https:\/\/api.w.org\/{rel}","templated":true}]}}